{"id":5974,"date":"2026-04-21T09:13:12","date_gmt":"2026-04-21T09:13:12","guid":{"rendered":"https:\/\/dev.sbro.ro\/?product=crucea-si-fiul-risipitor-luca-15-prin-ochii-orientului-mijlociu"},"modified":"2026-04-21T09:13:12","modified_gmt":"2026-04-21T09:13:12","slug":"crucea-si-fiul-risipitor-luca-15-prin-ochii-orientului-mijlociu","status":"publish","type":"product","link":"https:\/\/dev.sbro.ro\/?product=crucea-si-fiul-risipitor-luca-15-prin-ochii-orientului-mijlociu","title":{"rendered":"Crucea \u0219i Fiul risipitor &#8211; Luca 15 prin ochii Orientului Mijlociu"},"content":{"rendered":"<p><em>Dac\u0103 crucea este esen\u021bial\u0103 pentru iertare, de ce pare a fi<\/em><br \/>\n<em>absent\u0103 din aceast\u0103 parabol\u0103, pe care cre\u0219tinii o consider\u0103<\/em><br \/>\n<em>o \u201eEvanghelie\u201d \u00een miniatur\u0103?<\/em><\/p>\n<p>\nDe-a lungul timpului, musulmanii le-au imputat cre\u0219tinilor c\u0103 au pervertit mesajul lui Isus, indic\u00e2nd c\u0103 \u00een parabola fiului risipitor nu exist\u0103 nicio cruce, nicio \u00eentrupare, niciun Fiu al lui Dumnezeu, niciun Cuv\u00e2nt care Se face trup, iar fiul nu are nevoie de niciun ajutor pentru a se \u00eentoarce acas\u0103.<br \/>\nBailey ofer\u0103 r\u0103spunsul acestor obiec\u021bii, invit\u00e2ndu-ne la o lectur\u0103 inedit\u0103 a parabolei din Luca 15 prin prisma culturii Orientului Mijlociu. Astfel, autorul t\u00e2lcuie\u0219te semnifica\u021bii neb\u0103nuite pentru un musulman sau chiar un cre\u0219tin occidental, c\u0103rora le scap\u0103 din vedere tocmai \u201ecrucea\u201d din parabol\u0103, adic\u0103 iubirea costisitoare a tat\u0103lui, care face posibil\u0103 g\u0103sirea \u0219i reconcilierea celor pierdu\u021bi.<\/p>\n<p>\u201e<em>Crucea \u0219i Fiul risipitor<\/em> este o lucrare de mic\u0103 \u00eentindere care a schimbat perspectivele cercet\u0103torilor speciali\u0219ti \u00een evanghelii din \u00eentreaga lume.\u201d &#8212; Dr. John W. Howe, episcop la Episcopal Church Diocese of Central Florida<\/p>\n<p>\u201e\u00cen <em>Crucea \u0219i Fiul risipitor<\/em>, Kenneth Bailey \u00ee\u0219i folose\u0219te familiaritatea sa rar\u0103 \u0219i intim\u0103 cu cultura \u021b\u0103r\u0103neasc\u0103 din Orientul Mijlociu pentru a aduce lumin\u0103 asupra a trei parabole \u00eendr\u0103gite: oaia pierdut\u0103, moneda pierdut\u0103 \u0219i fiul pierdut. Bailey crede, pe bun\u0103 dreptate, c\u0103 avem multe de \u00eenv\u0103\u021bat despre contextul cultural al nara\u021biunii biblice de la comunit\u0103\u021bile cre\u0219tine cu str\u00e2nse leg\u0103turi cu lumea biblic\u0103.\u201d &#8212; Philip Graham Ryken, pastor senior la Tenth Presbyterian Church, Filadelfia<\/p>\n<\/p>\n<p><strong>Despre autor<\/strong><\/p>\n<p>KENNETH E. BAILEY (1930\u20132016) \u0219i-a ob\u021binut doctoratul \u00een teologie la Seminarul Concordia, St. Louis. A fost autor, conferen\u021biar \u0219i profesor emerit de studii de cercetare a Noului Testament din perspectiva Orientului Mijlociu \u00een cadrul Institutului Ecumenic Tantur din Ierusalim. Timp de patruzeci de ani a locuit \u0219i a predat studii de Noul Testament \u00een Egipt, Liban, Ierusalim \u0219i Cipru \u0219i a scris mai multe lucr\u0103ri at\u00e2t \u00een englez\u0103, c\u00e2t \u0219i \u00een arab\u0103, printre acestea amintim:<em> Isus, prin ochii Orientului Mijlociu; Pavel prin ochi mediteraneeni, Jacob and the Prodigal, Finding the Lost: Cultural Keys to Luke 15.<\/em><\/p>\n","protected":false},"excerpt":{"rendered":"<p>Dac\u0103 crucea este esen\u021bial\u0103 pentru iertare, de ce pare a fi absent\u0103 din aceast\u0103 parabol\u0103, pe care cre\u0219tinii o consider\u0103 o \u201eEvanghelie\u201d \u00een miniatur\u0103? De-a lungul timpului, musulmanii le-au imputat cre\u0219tinilor c\u0103 au pervertit mesajul lui Isus, indic\u00e2nd c\u0103 \u00een parabola fiului risipitor nu exist\u0103 nicio cruce, nicio \u00eentrupare, niciun Fiu al lui Dumnezeu, niciun [&hellip;]<\/p>\n","protected":false},"featured_media":11347,"comment_status":"open","ping_status":"closed","template":"","meta":[],"product_brand":[],"product_cat":[18],"product_tag":[],"class_list":{"0":"post-5974","1":"product","2":"type-product","3":"status-publish","4":"has-post-thumbnail","6":"product_cat-viata-crestina","8":"first","9":"instock","10":"shipping-taxable","11":"purchasable","12":"product-type-simple"},"_links":{"self":[{"href":"https:\/\/dev.sbro.ro\/index.php?rest_route=\/wp\/v2\/product\/5974","targetHints":{"allow":["GET"]}}],"collection":[{"href":"https:\/\/dev.sbro.ro\/index.php?rest_route=\/wp\/v2\/product"}],"about":[{"href":"https:\/\/dev.sbro.ro\/index.php?rest_route=\/wp\/v2\/types\/product"}],"replies":[{"embeddable":true,"href":"https:\/\/dev.sbro.ro\/index.php?rest_route=%2Fwp%2Fv2%2Fcomments&post=5974"}],"wp:featuredmedia":[{"embeddable":true,"href":"https:\/\/dev.sbro.ro\/index.php?rest_route=\/wp\/v2\/media\/11347"}],"wp:attachment":[{"href":"https:\/\/dev.sbro.ro\/index.php?rest_route=%2Fwp%2Fv2%2Fmedia&parent=5974"}],"wp:term":[{"taxonomy":"product_brand","embeddable":true,"href":"https:\/\/dev.sbro.ro\/index.php?rest_route=%2Fwp%2Fv2%2Fproduct_brand&post=5974"},{"taxonomy":"product_cat","embeddable":true,"href":"https:\/\/dev.sbro.ro\/index.php?rest_route=%2Fwp%2Fv2%2Fproduct_cat&post=5974"},{"taxonomy":"product_tag","embeddable":true,"href":"https:\/\/dev.sbro.ro\/index.php?rest_route=%2Fwp%2Fv2%2Fproduct_tag&post=5974"}],"curies":[{"name":"wp","href":"https:\/\/api.w.org\/{rel}","templated":true}]}}