{"id":5976,"date":"2026-04-21T09:13:12","date_gmt":"2026-04-21T09:13:12","guid":{"rendered":"https:\/\/dev.sbro.ro\/?product=zbor-printre-umbre"},"modified":"2026-04-21T09:13:12","modified_gmt":"2026-04-21T09:13:12","slug":"zbor-printre-umbre","status":"publish","type":"product","link":"https:\/\/dev.sbro.ro\/?product=zbor-printre-umbre","title":{"rendered":"Zbor printre umbre"},"content":{"rendered":"<p><strong>Pe o insul\u0103 unde umbrele trecutului \u00eenc\u0103 b\u00e2ntuie, un mister vechi de o sut\u0103 de ani nu poate r\u0103m\u00e2ne nedeslu\u0219it. Mai ales c\u00e2nd adev\u0103rul ar putea salva o via\u021b\u0103.<\/strong><\/p>\n<p>1907. \u00cen seara dinaintea celei de-a cincea anivers\u0103ri a lui Poppy Pendleton, copila doarme lini\u0219tit\u0103 \u00een camera ei din castelul familiei sale din Thousand Islands, \u00een timp ce p\u0103rin\u021bii ei s\u0103rb\u0103toresc al\u0103turi de elita societ\u0103\u021bii newyorkeze. \u00cen diminea\u021ba urm\u0103toare, Poppy dispare f\u0103r\u0103 urm\u0103, iar tat\u0103l ei este g\u0103sit mort \u00een fumoarul castelului. Sf\u00e2\u0219iat\u0103 de durere, Amelia Pendleton se lupt\u0103 s\u0103-\u0219i g\u0103seasc\u0103 fiica sau m\u0103car s\u0103 descopere ce s-a \u00eent\u00e2mplat.<\/p>\n<p>1992. Chloe Ridell locuie\u0219te \u00een apropiere de Castelul lui Poppy, l\u0103sat acum \u00een paragin\u0103, dar nu este interesat\u0103 de misterul dispari\u021biei fetei, care-i captiveaz\u0103 pe turi\u0219ti \u0219i localnici. Preocuparea ei este s\u0103 administreze cu \u00een\u021belepciune mo\u0219tenirea l\u0103sat\u0103 \u00een urm\u0103 de bunicii ei \u2013 Insula Koster \u0219i magazinul lor de dulciuri. \u00cens\u0103 totul se schimb\u0103 atunci c\u00e2nd o fat\u0103 pe nume Emma ajunge la u\u0219a lui Chloe, cu doar c\u00e2teva lucruri \u00een bagaj, printre care \u0219i un album vechi, care o leag\u0103 de enigmele familiei Pendleton. C\u00e2nd Logan, un reporter, vine la bombonerie \u0219i pune \u00eentreb\u0103ri despre bunicul ei, Chloe decide s\u0103-l ajute s\u0103 dezgroape trecutul, pe care ea ar fi preferat s\u0103-l lase \u00een uitare. Cur\u00e2nd descoper\u0103 c\u0103 adev\u0103rul tulbur\u0103tor despre dispari\u021bia lui Poppy ar putea salva via\u021ba Emmei, iar Chloe \u0219i Logan \u00ee\u0219i unesc for\u021bele pentru a afla ce s-a \u00eent\u00e2mplat pe Insula Koster cu mult timp \u00een urm\u0103.<\/p>\n<p><strong>Despre autoare<\/strong><br \/>\nMELANIE DOBSON este o autoare de succes \u0219i foarte apreciat\u0103 de public \u0219i de casele de editur\u0103 deopotriv\u0103. De-a lungul timpului, c\u0103r\u021bile sale au fost recompensate cu mai multe distinc\u021bii, dintre care amintim premiile Carol, Christy, Audie \u0219i premiul publica\u021biei <em>ForeWord Magazine<\/em>. Melanie a ob\u021binut licen\u021ba \u00een jurnalism la Liberty University \u0219i titlul de master \u00een comunicare la Regent University. Dintre romanele ei publicate \u00een limba rom\u00e2n\u0103 amintim: <em>\u0218oaptele v\u00e2ntului<\/em>, <em>Ascuns\u0103 printre stele<\/em>, <em>Trandafirul iernii<\/em> \u0219i <em>P\u0103ienjeni\u0219 de amintiri<\/em>.<\/p>\n","protected":false},"excerpt":{"rendered":"<p>Pe o insul\u0103 unde umbrele trecutului \u00eenc\u0103 b\u00e2ntuie, un mister vechi de o sut\u0103 de ani nu poate r\u0103m\u00e2ne nedeslu\u0219it. Mai ales c\u00e2nd adev\u0103rul ar putea salva o via\u021b\u0103. 1907. \u00cen seara dinaintea celei de-a cincea anivers\u0103ri a lui Poppy Pendleton, copila doarme lini\u0219tit\u0103 \u00een camera ei din castelul familiei sale din Thousand Islands, \u00een [&hellip;]<\/p>\n","protected":false},"featured_media":11349,"comment_status":"open","ping_status":"closed","template":"","meta":[],"product_brand":[],"product_cat":[30],"product_tag":[],"class_list":{"0":"post-5976","1":"product","2":"type-product","3":"status-publish","4":"has-post-thumbnail","6":"product_cat-beletristica","8":"first","9":"instock","10":"shipping-taxable","11":"purchasable","12":"product-type-simple"},"_links":{"self":[{"href":"https:\/\/dev.sbro.ro\/index.php?rest_route=\/wp\/v2\/product\/5976","targetHints":{"allow":["GET"]}}],"collection":[{"href":"https:\/\/dev.sbro.ro\/index.php?rest_route=\/wp\/v2\/product"}],"about":[{"href":"https:\/\/dev.sbro.ro\/index.php?rest_route=\/wp\/v2\/types\/product"}],"replies":[{"embeddable":true,"href":"https:\/\/dev.sbro.ro\/index.php?rest_route=%2Fwp%2Fv2%2Fcomments&post=5976"}],"wp:featuredmedia":[{"embeddable":true,"href":"https:\/\/dev.sbro.ro\/index.php?rest_route=\/wp\/v2\/media\/11349"}],"wp:attachment":[{"href":"https:\/\/dev.sbro.ro\/index.php?rest_route=%2Fwp%2Fv2%2Fmedia&parent=5976"}],"wp:term":[{"taxonomy":"product_brand","embeddable":true,"href":"https:\/\/dev.sbro.ro\/index.php?rest_route=%2Fwp%2Fv2%2Fproduct_brand&post=5976"},{"taxonomy":"product_cat","embeddable":true,"href":"https:\/\/dev.sbro.ro\/index.php?rest_route=%2Fwp%2Fv2%2Fproduct_cat&post=5976"},{"taxonomy":"product_tag","embeddable":true,"href":"https:\/\/dev.sbro.ro\/index.php?rest_route=%2Fwp%2Fv2%2Fproduct_tag&post=5976"}],"curies":[{"name":"wp","href":"https:\/\/api.w.org\/{rel}","templated":true}]}}