{"id":5979,"date":"2026-04-21T09:13:12","date_gmt":"2026-04-21T09:13:12","guid":{"rendered":"https:\/\/dev.sbro.ro\/?product=viata-domnului-nostru"},"modified":"2026-04-21T09:13:12","modified_gmt":"2026-04-21T09:13:12","slug":"viata-domnului-nostru","status":"publish","type":"product","link":"https:\/\/dev.sbro.ro\/product\/viata-domnului-nostru\/","title":{"rendered":"Via\u021ba Domnului nostru"},"content":{"rendered":"<p>COLEC\u021aIA FACE A BOOK<\/p>\n<p><strong><em>\u00cent\u00e2lne\u0219te-te cu o carte! F\u0103 cuno\u0219tin\u021b\u0103 cu eroi memorabili. \u00cei vei \u00eendr\u0103gi \u0219i vei vrea s\u0103 semeni cu ei.<\/em><\/strong><\/p>\n<p><em><strong>Vei sim\u021bi cu ei. \u00cei vei admira pentru curaj \u0219i pentru perseveren\u021b\u0103.<\/strong><\/em><\/p>\n<p><em><strong>Vei \u00eenv\u0103\u021ba \u00eempreun\u0103 cu ei s\u0103 deosebe\u0219ti binele de r\u0103u. <\/strong><\/em><em><strong>Te vei descoperi pe tine.<\/strong><\/em><\/p>\n<p><em><strong>Fiecare carte este o oglind\u0103. Prive\u0219te-te \u00een ea!<\/strong><\/em><\/p>\n<\/p>\n<p>Cartea aceasta, ultima lucrare de Dickens care a fost publicat\u0103, se deosebe\u0219te de toate celelalte scrieri ale autorului datorit\u0103 scopului ei. Manuscrisul a fost o lucrare de suflet, care nu reveleaz\u0103 at\u00e2t de mult geniul de romancier al lui Dickens, c\u00e2t mai degrab\u0103 un cr\u00e2mpei al umanit\u0103\u021bii \u0219i inimii sale \u0219i, mai ales, ad\u00e2nca sa devo\u021biune fa\u021b\u0103 de Domnul nostru.<br \/>\nCharles a scris povestea special pentru copiii s\u0103i, \u00een 1849, cu dou\u0103zeci \u0219i unu de ani \u00eenainte de moartea sa.<\/p>\n<p>\u201eAspectul cel mai emo\u021bionat al Vie\u021bii Domnului nostru este felul \u00een care Charles Dickens a reu\u0219it s\u0103-\u0219i lase laoparte abilit\u0103\u021bile sale literare \u0219i s\u0103 spun\u0103 Evanghelia \u00een limbajul simplu, direct \u0219i f\u0103r\u0103 \u00eembrobodiri artistice al unui tat\u0103 care li se adreseaz\u0103 copiilor s\u0103i. Nu e de mirare c\u0103, amintindu-\u0219i de propria sa copil\u0103rie tumultuoas\u0103, Dickens rezum\u0103 mesajul cre\u0219tin la a face bine p\u00e2n\u0103 \u0219i celor care ne fac r\u0103u \u0219i a fi buni, \u00eendur\u0103tori \u0219i grabnici la a ierta pe oricine.\u201d \u2014 reverend Frederick Buechner, autorul lucr\u0103rilor On the Road with Archangel \u0219i Listening to Your Life<\/p>\n<p><strong>Despre autor<\/strong><\/p>\n<p>Charles Dickens s-a n\u0103scut \u00een 1812, l\u00e2ng\u0103 Portsmouth. \u00cen 1833 a \u00eenceput s\u0103 contribuie cu povestiri la ziare \u0219i reviste, iar \u00een 1836 a \u00eenceput publicarea \u00een foileton a lucr\u0103rii <em>Aventurile domnului Pickwick<\/em>. Ulterior, Dickens \u0219i-a publicat marile romane de-a lungul urm\u0103torilor dou\u0103zeci de ani. De asemenea, a fost editorul revistelor <em>Household Words<\/em> \u0219i <em>All the Year Round<\/em>. Dickens a murit \u00een iunie 1870.<\/p>\n","protected":false},"excerpt":{"rendered":"<p>COLEC\u021aIA FACE A BOOK \u00cent\u00e2lne\u0219te-te cu o carte! F\u0103 cuno\u0219tin\u021b\u0103 cu eroi memorabili. \u00cei vei \u00eendr\u0103gi \u0219i vei vrea s\u0103 semeni cu ei. Vei sim\u021bi cu ei. \u00cei vei admira pentru curaj \u0219i pentru perseveren\u021b\u0103. Vei \u00eenv\u0103\u021ba \u00eempreun\u0103 cu ei s\u0103 deosebe\u0219ti binele de r\u0103u. Te vei descoperi pe tine. Fiecare carte este o oglind\u0103. [&hellip;]<\/p>\n","protected":false},"featured_media":11352,"comment_status":"open","ping_status":"closed","template":"","meta":[],"product_brand":[],"product_cat":[30,35],"product_tag":[],"class_list":{"0":"post-5979","1":"product","2":"type-product","3":"status-publish","4":"has-post-thumbnail","6":"product_cat-beletristica","7":"product_cat-copii","9":"first","10":"instock","11":"shipping-taxable","12":"purchasable","13":"product-type-simple"},"_links":{"self":[{"href":"https:\/\/dev.sbro.ro\/wp-json\/wp\/v2\/product\/5979","targetHints":{"allow":["GET"]}}],"collection":[{"href":"https:\/\/dev.sbro.ro\/wp-json\/wp\/v2\/product"}],"about":[{"href":"https:\/\/dev.sbro.ro\/wp-json\/wp\/v2\/types\/product"}],"replies":[{"embeddable":true,"href":"https:\/\/dev.sbro.ro\/wp-json\/wp\/v2\/comments?post=5979"}],"wp:featuredmedia":[{"embeddable":true,"href":"https:\/\/dev.sbro.ro\/wp-json\/wp\/v2\/media\/11352"}],"wp:attachment":[{"href":"https:\/\/dev.sbro.ro\/wp-json\/wp\/v2\/media?parent=5979"}],"wp:term":[{"taxonomy":"product_brand","embeddable":true,"href":"https:\/\/dev.sbro.ro\/wp-json\/wp\/v2\/product_brand?post=5979"},{"taxonomy":"product_cat","embeddable":true,"href":"https:\/\/dev.sbro.ro\/wp-json\/wp\/v2\/product_cat?post=5979"},{"taxonomy":"product_tag","embeddable":true,"href":"https:\/\/dev.sbro.ro\/wp-json\/wp\/v2\/product_tag?post=5979"}],"curies":[{"name":"wp","href":"https:\/\/api.w.org\/{rel}","templated":true}]}}