{"id":5980,"date":"2026-04-21T09:13:12","date_gmt":"2026-04-21T09:13:12","guid":{"rendered":"https:\/\/dev.sbro.ro\/?product=tesut-prin-suferinta"},"modified":"2026-04-21T09:13:12","modified_gmt":"2026-04-21T09:13:12","slug":"tesut-prin-suferinta","status":"publish","type":"product","link":"https:\/\/dev.sbro.ro\/?product=tesut-prin-suferinta","title":{"rendered":"\u021aesut prin suferin\u021b\u0103"},"content":{"rendered":"<p>\u00cen via\u021ba lui Sheldon, suferin\u021ba, credin\u021ba \u0219i dragostea pentru semeni s-au \u00eentre\u021besut, l\u0103s\u00e2nd \u00een urm\u0103 o pild\u0103 demn\u0103 de urmat. \u00cent\u00e2mpl\u0103rile nea\u0219teptate \u0219i modul minunat \u00een care Dumnezeu a lucrat, fac din aceast\u0103 carte o lectur\u0103 captivant\u0103, amintindu-ne c\u0103 \u201e\u00eentrist\u0103rile noastre u\u0219oare de o clip\u0103 lucreaz\u0103 pentru noi tot mai mult o greutate ve\u0219nic\u0103 de slav\u0103\u201d.<\/p>\n","protected":false},"excerpt":{"rendered":"<p>\u00cen via\u021ba lui Sheldon, suferin\u021ba, credin\u021ba \u0219i dragostea pentru semeni s-au \u00eentre\u021besut, l\u0103s\u00e2nd \u00een urm\u0103 o pild\u0103 demn\u0103 de urmat. \u00cent\u00e2mpl\u0103rile nea\u0219teptate \u0219i modul minunat \u00een care Dumnezeu a lucrat, fac din aceast\u0103 carte o lectur\u0103 captivant\u0103, amintindu-ne c\u0103 \u201e\u00eentrist\u0103rile noastre u\u0219oare de o clip\u0103 lucreaz\u0103 pentru noi tot mai mult o greutate ve\u0219nic\u0103 de [&hellip;]<\/p>\n","protected":false},"featured_media":11353,"comment_status":"open","ping_status":"closed","template":"","meta":[],"product_brand":[],"product_cat":[20],"product_tag":[],"class_list":{"0":"post-5980","1":"product","2":"type-product","3":"status-publish","4":"has-post-thumbnail","6":"product_cat-biografii-eseuri-marturii","8":"first","9":"instock","10":"shipping-taxable","11":"purchasable","12":"product-type-simple"},"_links":{"self":[{"href":"https:\/\/dev.sbro.ro\/index.php?rest_route=\/wp\/v2\/product\/5980","targetHints":{"allow":["GET"]}}],"collection":[{"href":"https:\/\/dev.sbro.ro\/index.php?rest_route=\/wp\/v2\/product"}],"about":[{"href":"https:\/\/dev.sbro.ro\/index.php?rest_route=\/wp\/v2\/types\/product"}],"replies":[{"embeddable":true,"href":"https:\/\/dev.sbro.ro\/index.php?rest_route=%2Fwp%2Fv2%2Fcomments&post=5980"}],"wp:featuredmedia":[{"embeddable":true,"href":"https:\/\/dev.sbro.ro\/index.php?rest_route=\/wp\/v2\/media\/11353"}],"wp:attachment":[{"href":"https:\/\/dev.sbro.ro\/index.php?rest_route=%2Fwp%2Fv2%2Fmedia&parent=5980"}],"wp:term":[{"taxonomy":"product_brand","embeddable":true,"href":"https:\/\/dev.sbro.ro\/index.php?rest_route=%2Fwp%2Fv2%2Fproduct_brand&post=5980"},{"taxonomy":"product_cat","embeddable":true,"href":"https:\/\/dev.sbro.ro\/index.php?rest_route=%2Fwp%2Fv2%2Fproduct_cat&post=5980"},{"taxonomy":"product_tag","embeddable":true,"href":"https:\/\/dev.sbro.ro\/index.php?rest_route=%2Fwp%2Fv2%2Fproduct_tag&post=5980"}],"curies":[{"name":"wp","href":"https:\/\/api.w.org\/{rel}","templated":true}]}}