{"id":599,"date":"2026-04-21T09:02:47","date_gmt":"2026-04-21T09:02:47","guid":{"rendered":"https:\/\/dev.sbro.ro\/?product=nascut-dupa-miezul-noptii"},"modified":"2026-04-21T09:02:47","modified_gmt":"2026-04-21T09:02:47","slug":"nascut-dupa-miezul-noptii","status":"publish","type":"product","link":"https:\/\/dev.sbro.ro\/?product=nascut-dupa-miezul-noptii","title":{"rendered":"Nascut dupa miezul noptii"},"content":{"rendered":"<p style=\"text-align: justify;\">\u00a0<\/p>\n<p style=\"text-align: justify;\">\u00a0<\/p>\n<p style=\"text-align: justify;\"><span style=\"font-size: large;\">Este u\u015for s\u0103 \u00eenv\u0103\u0163\u0103m doctrina trezirii personale \u015fi a tr\u0103irii   biruitoare; dar este cu totul altceva s\u0103 ne lu\u0103m crucea \u015fi s\u0103 \u00eenaint\u0103m   cu greu pe dealul \u00eentunecat \u015fi amar al renun\u0163\u0103rii la sine. Aici mul\u0163i   sunt chema\u0163i \u015fi pu\u0163ini sunt ale\u015fi. La fiecare persoan\u0103 care intr\u0103 cu   adev\u0103rat \u00een \u00c5\u00a2ara Promis\u0103 exist\u0103 mul\u0163i care stau pentru o vreme \u015fi se   uit\u0103 cu jind dincolo de r\u00e2u, dup\u0103 care se \u00eentorc tri\u015fti la siguran\u0163a   comparativ\u0103 a de\u015feurilor de\u015fertului vechii vie\u0163i.<\/span><\/p>\n<p style=\"text-align: justify;\"><span style=\"font-size: large;\">Oricine vrea s\u0103 \u00ee\u015fi verifice adev\u0103rata stare spiritual\u0103 \u00een care se   afl\u0103 poate s\u0103 o fac\u0103 observ\u00e2nd care au fost g\u00e2ndurile sale voluntare \u00een   ultimele ore sau zile. La ce s-a g\u00e2ndit atunci c\u00e2nd era liber s\u0103 se   g\u00e2ndeasc\u0103 la ce \u00eei pl\u0103cea? Spre ce s-a \u00eentors ad\u00e2ncul inimii lui atunci   c\u00e2nd era liber s\u0103 se \u00eentoarc\u0103 spre orice dorea? Atunci c\u00e2nd pas\u0103rea   g\u00e2ndului a fost l\u0103sat\u0103 liber\u0103, a zburat ea ca un corb pentru a se a\u015feza   pe cadavrele care pluteau sau s-a \u00eenv\u00e2rtit ca porumbelul \u015fi mai t\u00e2rziu,   s-a \u00eentors la arca lui Dumnezeu? Iat\u0103 un test u\u015for de f\u0103cut \u015fi, dac\u0103   suntem one\u015fti cu noi \u00een\u015fine, putem descoperi nu numai ce suntem, ci \u015fi   ceea ce vom deveni. \u00cen cur\u00e2nd vom fi suma g\u00e2ndurilor noastre voluntare.<\/span><\/p>\n<p style=\"text-align: justify;\"><span style=\"font-size: large;\">Omul care este \u00een\u0103l\u0163at de succes \u015fi cobor\u00e2t de e\u015fec este \u00eenc\u0103 un om firesc.<\/span><\/p>\n<p style=\"text-align: justify;\"><span style=\"font-size: large;\">D\u0103-te jos de pe tronul din inima ta \u015fi \u00eentroneaz\u0103-L pe Isus \u00een ea.   A\u015feaz\u0103-L pe El \u00een centrul aten\u0163iei inimii tale \u015fi \u00eenceteaz\u0103 s\u0103 mai vrei   s\u0103 fii un erou. F\u0103 \u00een a\u015fa fel \u00eenc\u00e2t El s\u0103 fie totul \u00een via\u0163a ta \u015fi   \u00eencearc\u0103 s\u0103 devii tot mai mic. Dedic\u0103-\u0163i \u00eentreaga via\u0163\u0103 doar slavei Sale   \u015fi schimb\u0103 motiva\u0163iile vie\u0163ii tale de la sine la Dumnezeu. Las\u0103 ca   motiva\u0163ia comportamentului t\u0103u zilnic s\u0103 fie Hristos \u015fi slava Sa, nu tu,   nici familia ta, nici \u0163ara sau biserica ta. \u00cen toate lucrurile las\u0103-L   pe El s\u0103 aib\u0103 \u00eent\u00e2ietatea.<\/span><\/p>\n<p style=\"text-align: justify;\"><span style=\"font-size: large;\">Chiar acum ne afl\u0103m \u00eentr-o alt\u0103 perioad\u0103 de tranzi\u0163ie, \u015fi   binecuv\u00e2ntat este omul care \u015ftie \u00eencotro ne \u00eendrept\u0103m. Oricare ar fi   direc\u0163ia pe care o stabile\u015fte v\u00e2ntul teologic, exist\u0103 dou\u0103 lucruri   asupra c\u0103rora putem fi siguri: unul este c\u0103 Dumnezeu nu \u00ce\u015fi va permite   s\u0103 r\u0103m\u00e2n\u0103 f\u0103r\u0103 nici un martor. \u00centotdeauna vor exista unii care vor \u0163ine   principiile lui Hristos, planul inspirat al doctrinei cre\u015ftine.   Adev\u0103rul m\u00e2ntuitor nu va fi niciodat\u0103 complet ascuns de vederea   oamenilor. Cel s\u0103rac cu duhul, cel care se poc\u0103ie\u015fte \u00cel va g\u0103si   \u00eentotdeauna pe Hristos aproape de el, gata s\u0103 \u00eel salveze. Cel\u0103lalt este   c\u0103 Duhul Sf\u00e2nt e adev\u0103ratul conservator al ortodoxiei \u015fi va spune mereu   acelea\u015fi lucruri sufletelor bl\u00e2nde \u015fi \u00eencrez\u0103toare. Inimile iluminate   sunt de acord \u00een privin\u0163a punctului \u00een care cade lumina. Singurul  nostru  pericol real este c\u0103 \u00cel putem \u00eentrista pe Duhul binecuv\u00e2ntat  p\u00e2n\u0103 c\u00e2nd  El va t\u0103cea \u015fi vom fi l\u0103sa\u0163i, astfel, la mila intelectelor  noastre.  Atunci vom avea din abunden\u0163\u0103 cre\u015ftini \u00eenv\u0103\u0163a\u0163i, dar vom fi  s\u0103raci \u00een  sfin\u0163i \u00eenchin\u0103tori. Vom avea ap\u0103r\u0103tori ai credin\u0163ei care \u00ee\u015fi  pot  intimida adversarii cu logica \u015fi cuno\u015ftin\u0163ele lor, dar vom fi f\u0103r\u0103   profe\u0163i, mistici \u015fi autori de imnuri. Vom avea rugul, t\u0103iat, \u00eengrijit  \u015fi  cultivat corespunz\u0103tor, dar \u00een rug nu va fi nici un foc.<\/span><\/p>\n<p style=\"text-align: justify;\"><span style=\"font-size: large;\">Un cre\u015ftin adev\u0103rat nu trebuie s\u0103 \u00ee\u015fi apere nici posesiunea, nici   pozi\u0163ia. Dumnezeu va avea grij\u0103 de ambele. D\u0103 drumul comorilor tale \u015fi   Domnul \u0163i le va p\u0103stra p\u00e2n\u0103 \u00een via\u0163a etern\u0103. Aga\u0163\u0103-te de ele \u015fi nu \u00ee\u0163i   vor aduce dec\u00e2t necaz \u015fi nefericire p\u00e2n\u0103 la sf\u00e2r\u015fitul zilelor tale.<\/span><\/p>\n<p style=\"text-align: justify;\"><span style=\"font-size: large;\">Este mai bine s\u0103 fii \u00een\u015felat de c\u00e2teva ori dec\u00e2t s\u0103 dezvol\u0163i o   suspiciune constant\u0103 cum c\u0103 cineva \u00eencearc\u0103 s\u0103 te \u00een\u015fele. E mai bine s\u0103   \u0163i se sparg\u0103 casa dec\u00e2t s\u0103 \u00ee\u0163i petreci restul zilelor \u015fi nop\u0163ilor st\u00e2nd   cu o pu\u015fc\u0103 pe genunchi, p\u0103zind-o. Renun\u0163\u0103 la ea, \u015fi o vei p\u0103stra.   Ap\u0103r-o, \u015fi o vei pierde. Aceasta este legea \u00eemp\u0103r\u0103\u0163iei \u015fi se aplic\u0103   fiec\u0103rui suflet regenerat. Ne putem permite s\u0103 ne \u00eencredem \u00een Dumnezeu;   dar nu ne putem permite s\u0103 nu o facem!<\/span><\/p>\n<p style=\"text-align: justify;\"><span style=\"font-size: large;\">\u00cen rug\u0103ciunile noastre private \u015fi \u00een serviciul public \u00cei cerem \u00een mod   constant lui Dumnezeu s\u0103 fac\u0103 unele lucruri pe care fie le-a f\u0103cut   deja, fie nu le poate face din pricina necredin\u0163ei noastre. Noi \u00cel rug\u0103m   s\u0103 vorbeasc\u0103 atunci c\u00e2nd deja a vorbit \u015fi c\u00e2nd vorbe\u015fte \u00een acel  moment.  \u00cei cerem s\u0103 vin\u0103 atunci c\u00e2nd este deja prezent \u015fi c\u00e2nd a\u015fteapt\u0103  s\u0103 \u00cel  recunoa\u015ftem. \u00cel implor\u0103m pe Duhul Sf\u00e2nt s\u0103 ne umple c\u00e2nd, \u00een tot  acest  timp, noi \u00cel \u00eempiedic\u0103m s\u0103 o fac\u0103 prin \u00eendoiala noastr\u0103.<\/span><\/p>\n<p style=\"text-align: justify;\">\u00a0<\/p>\n<p style=\"text-align: justify;\">\u00a0<\/p>\n<p style=\"text-align: justify;\">\u00a0<\/p>\n<p style=\"text-align: justify;\">\u00a0<\/p>\n<p style=\"text-align: justify;\"><span style=\"font-size: large;\"><br \/><\/span><\/p>\n","protected":false},"excerpt":{"rendered":"<p>\u00a0 \u00a0 Este u\u015for s\u0103 \u00eenv\u0103\u0163\u0103m doctrina trezirii personale \u015fi a tr\u0103irii biruitoare; dar este cu totul altceva s\u0103 ne lu\u0103m crucea \u015fi s\u0103 \u00eenaint\u0103m cu greu pe dealul \u00eentunecat \u015fi amar al renun\u0163\u0103rii la sine. Aici mul\u0163i sunt chema\u0163i \u015fi pu\u0163ini sunt ale\u015fi. La fiecare persoan\u0103 care intr\u0103 cu adev\u0103rat \u00een \u00c5\u00a2ara Promis\u0103 exist\u0103 [&hellip;]<\/p>\n","protected":false},"featured_media":6042,"comment_status":"open","ping_status":"closed","template":"","meta":[],"product_brand":[],"product_cat":[18],"product_tag":[],"class_list":{"0":"post-599","1":"product","2":"type-product","3":"status-publish","4":"has-post-thumbnail","6":"product_cat-viata-crestina","8":"first","9":"instock","10":"shipping-taxable","11":"purchasable","12":"product-type-simple"},"_links":{"self":[{"href":"https:\/\/dev.sbro.ro\/index.php?rest_route=\/wp\/v2\/product\/599","targetHints":{"allow":["GET"]}}],"collection":[{"href":"https:\/\/dev.sbro.ro\/index.php?rest_route=\/wp\/v2\/product"}],"about":[{"href":"https:\/\/dev.sbro.ro\/index.php?rest_route=\/wp\/v2\/types\/product"}],"replies":[{"embeddable":true,"href":"https:\/\/dev.sbro.ro\/index.php?rest_route=%2Fwp%2Fv2%2Fcomments&post=599"}],"wp:featuredmedia":[{"embeddable":true,"href":"https:\/\/dev.sbro.ro\/index.php?rest_route=\/wp\/v2\/media\/6042"}],"wp:attachment":[{"href":"https:\/\/dev.sbro.ro\/index.php?rest_route=%2Fwp%2Fv2%2Fmedia&parent=599"}],"wp:term":[{"taxonomy":"product_brand","embeddable":true,"href":"https:\/\/dev.sbro.ro\/index.php?rest_route=%2Fwp%2Fv2%2Fproduct_brand&post=599"},{"taxonomy":"product_cat","embeddable":true,"href":"https:\/\/dev.sbro.ro\/index.php?rest_route=%2Fwp%2Fv2%2Fproduct_cat&post=599"},{"taxonomy":"product_tag","embeddable":true,"href":"https:\/\/dev.sbro.ro\/index.php?rest_route=%2Fwp%2Fv2%2Fproduct_tag&post=599"}],"curies":[{"name":"wp","href":"https:\/\/api.w.org\/{rel}","templated":true}]}}