{"id":5993,"date":"2026-04-21T09:13:14","date_gmt":"2026-04-21T09:13:14","guid":{"rendered":"https:\/\/dev.sbro.ro\/?product=biblia-076-zti-format-mare-turcoaz-floral"},"modified":"2026-04-21T09:13:14","modified_gmt":"2026-04-21T09:13:14","slug":"biblia-076-zti-format-mare-turcoaz-floral","status":"publish","type":"product","link":"https:\/\/dev.sbro.ro\/?product=biblia-076-zti-format-mare-turcoaz-floral","title":{"rendered":"Biblia &#8211; 076 ZTI &#8211; format mare &#8211; turcoaz floral"},"content":{"rendered":"<p>Edi\u0163ia de fa\u0163\u0103 reprezint\u0103 o nou\u0103 culegere a textului cu \u00eendrept\u0103ri ortografice, ortoepice, gramaticale \u015fi de punctua\u0163ie, respect\u00e2nd \u00een \u00eentregime opera traduc\u0103torului.<br \/>\nPrimele patru pagini din Biblie con\u0163in p\u0103r\u0163i din istoria traducerii Sfintei Scripturi \u00een limba rom\u00e2n\u0103 \u015fi locul, \u00een istorie, pe care \u00eel ocup\u0103 Biblia Cornilescu.<\/p>\n<table>\n<tbody>\n<tr>\n<td>Dimensiuni fil\u0103<\/td>\n<td>15 x 23 cm<\/td>\n<\/tr>\n<\/tbody>\n<\/table>\n<ul>\n<li>Traducerea Dumitru Cornilescu<\/li>\n<li>Format: mare<\/li>\n<li>Copert\u0103: piele ecologic\u0103<\/li>\n<li>Fermoar turcoaz<\/li>\n<li>Culoare: turcoaz, cu model floral<\/li>\n<li>Cuvintele Domnului Isus \u00een ro\u0219u<\/li>\n<li>Margine argintie<\/li>\n<li>Index de c\u0103utare<\/li>\n<\/ul>\n","protected":false},"excerpt":{"rendered":"<p>Edi\u0163ia de fa\u0163\u0103 reprezint\u0103 o nou\u0103 culegere a textului cu \u00eendrept\u0103ri ortografice, ortoepice, gramaticale \u015fi de punctua\u0163ie, respect\u00e2nd \u00een \u00eentregime opera traduc\u0103torului. Primele patru pagini din Biblie con\u0163in p\u0103r\u0163i din istoria traducerii Sfintei Scripturi \u00een limba rom\u00e2n\u0103 \u015fi locul, \u00een istorie, pe care \u00eel ocup\u0103 Biblia Cornilescu. Dimensiuni fil\u0103 15 x 23 cm Traducerea Dumitru [&hellip;]<\/p>\n","protected":false},"featured_media":11366,"comment_status":"open","ping_status":"closed","template":"","meta":[],"product_brand":[],"product_cat":[73],"product_tag":[],"class_list":{"0":"post-5993","1":"product","2":"type-product","3":"status-publish","4":"has-post-thumbnail","6":"product_cat-biblie-mare","8":"first","9":"instock","10":"shipping-taxable","11":"purchasable","12":"product-type-simple"},"_links":{"self":[{"href":"https:\/\/dev.sbro.ro\/index.php?rest_route=\/wp\/v2\/product\/5993","targetHints":{"allow":["GET"]}}],"collection":[{"href":"https:\/\/dev.sbro.ro\/index.php?rest_route=\/wp\/v2\/product"}],"about":[{"href":"https:\/\/dev.sbro.ro\/index.php?rest_route=\/wp\/v2\/types\/product"}],"replies":[{"embeddable":true,"href":"https:\/\/dev.sbro.ro\/index.php?rest_route=%2Fwp%2Fv2%2Fcomments&post=5993"}],"wp:featuredmedia":[{"embeddable":true,"href":"https:\/\/dev.sbro.ro\/index.php?rest_route=\/wp\/v2\/media\/11366"}],"wp:attachment":[{"href":"https:\/\/dev.sbro.ro\/index.php?rest_route=%2Fwp%2Fv2%2Fmedia&parent=5993"}],"wp:term":[{"taxonomy":"product_brand","embeddable":true,"href":"https:\/\/dev.sbro.ro\/index.php?rest_route=%2Fwp%2Fv2%2Fproduct_brand&post=5993"},{"taxonomy":"product_cat","embeddable":true,"href":"https:\/\/dev.sbro.ro\/index.php?rest_route=%2Fwp%2Fv2%2Fproduct_cat&post=5993"},{"taxonomy":"product_tag","embeddable":true,"href":"https:\/\/dev.sbro.ro\/index.php?rest_route=%2Fwp%2Fv2%2Fproduct_tag&post=5993"}],"curies":[{"name":"wp","href":"https:\/\/api.w.org\/{rel}","templated":true}]}}