{"id":5995,"date":"2026-04-21T09:13:15","date_gmt":"2026-04-21T09:13:15","guid":{"rendered":"https:\/\/dev.sbro.ro\/?product=marea-dez-bisericire"},"modified":"2026-05-15T08:12:23","modified_gmt":"2026-05-15T08:12:23","slug":"marea-dez-bisericire","status":"publish","type":"product","link":"https:\/\/dev.sbro.ro\/product\/marea-dez-bisericire\/","title":{"rendered":"Marea dez-bisericire"},"content":{"rendered":"<p>Tema dez-bisericirii va continua s\u0103 fie de actualitate, cel pu\u021bin \u00een urm\u0103torii ani. Aceast\u0103 carte documenteaz\u0103 fenomenul \u0219i \u00eel analizeaz\u0103 cu \u00een\u021belepciune \u0219i aten\u021bie.<\/p>\n","protected":false},"excerpt":{"rendered":"<p>asta este descrierea scurt\u0103 a produsului\u00a0 asta este descrierea scurt\u0103 a produsului\u00a0 asta este descrierea scurt\u0103 a produsului\u00a0 asta este descrierea scurt\u0103 a produsului\u00a0 asta este descrierea scurt\u0103 a produsului\u00a0 asta este descrierea scurt\u0103 a produsului<\/p>\n","protected":false},"featured_media":11368,"comment_status":"open","ping_status":"closed","template":"","meta":[],"product_brand":[],"product_cat":[18],"product_tag":[],"class_list":{"0":"post-5995","1":"product","2":"type-product","3":"status-publish","4":"has-post-thumbnail","6":"product_cat-viata-crestina","8":"first","9":"instock","10":"shipping-taxable","11":"purchasable","12":"product-type-simple"},"_links":{"self":[{"href":"https:\/\/dev.sbro.ro\/wp-json\/wp\/v2\/product\/5995","targetHints":{"allow":["GET"]}}],"collection":[{"href":"https:\/\/dev.sbro.ro\/wp-json\/wp\/v2\/product"}],"about":[{"href":"https:\/\/dev.sbro.ro\/wp-json\/wp\/v2\/types\/product"}],"replies":[{"embeddable":true,"href":"https:\/\/dev.sbro.ro\/wp-json\/wp\/v2\/comments?post=5995"}],"wp:featuredmedia":[{"embeddable":true,"href":"https:\/\/dev.sbro.ro\/wp-json\/wp\/v2\/media\/11368"}],"wp:attachment":[{"href":"https:\/\/dev.sbro.ro\/wp-json\/wp\/v2\/media?parent=5995"}],"wp:term":[{"taxonomy":"product_brand","embeddable":true,"href":"https:\/\/dev.sbro.ro\/wp-json\/wp\/v2\/product_brand?post=5995"},{"taxonomy":"product_cat","embeddable":true,"href":"https:\/\/dev.sbro.ro\/wp-json\/wp\/v2\/product_cat?post=5995"},{"taxonomy":"product_tag","embeddable":true,"href":"https:\/\/dev.sbro.ro\/wp-json\/wp\/v2\/product_tag?post=5995"}],"curies":[{"name":"wp","href":"https:\/\/api.w.org\/{rel}","templated":true}]}}