{"id":5997,"date":"2026-04-21T09:13:15","date_gmt":"2026-04-21T09:13:15","guid":{"rendered":"https:\/\/dev.sbro.ro\/?product=ucenicie-in-cultura-imediatului-supunere-indelungata-intr-o-unica-directie"},"modified":"2026-04-21T09:13:15","modified_gmt":"2026-04-21T09:13:15","slug":"ucenicie-in-cultura-imediatului-supunere-indelungata-intr-o-unica-directie","status":"publish","type":"product","link":"https:\/\/dev.sbro.ro\/product\/ucenicie-in-cultura-imediatului-supunere-indelungata-intr-o-unica-directie\/","title":{"rendered":"Ucenicie \u00een cultura imediatului: Supunere \u00eendelungat\u0103 \u00eentr-o unic\u0103 direc\u021bie"},"content":{"rendered":"<p><strong>Cuprins<\/strong><\/p>\n<p>Prefa\u0163\u0103 comemorativ\u0103<\/p>\n<p>Un elogiu la celebrarea intr\u0103rii lui Eugene Peterson \u00een via\u0163a ve\u015fnic\u0103<\/p>\n<p>Prefa\u0163\u0103 la cea de-a 20-a aniversare<\/p>\n<p>1.    Ucenicia<br \/>\n\u201eCe te face s\u0103 crezi c\u0103 te po\u0163i lua la \u00eentrecere cu caii?&#8221;<\/p>\n<p>2. Poc\u0103in\u0163a<br \/>\n\u201eSunt condamnat s\u0103 tr\u0103iesc \u00een Me\u015fec\u201d<\/p>\n<p>3. Purtarea de grij\u0103<br \/>\n\u201eDumnezeu te p\u0103ze\u015fte de orice r\u0103i?\u2019<\/p>\n<p>4. Inchinarea<br \/>\n\u201eS\u0103 mergem la casa lui Dumnezei?&#8221;<\/p>\n<p>5. Slujirea<br \/>\n\u201ePrecum slujitorii&#8230; Veghem \u015fi a\u015ftept\u0103m\u201d<\/p>\n<p>6. Ajutorul<br \/>\n\u201eDumnezeu fie binecuv\u00e2ntat, El nu a plecat \u015fi nu ne-a p\u0103r\u0103sit\u201d<\/p>\n<p>7. Siguran\u0163a<br \/>\n\u201eDumnezeu \u00eenconjoar\u0103 poporul S\u0103i?\u2019&#8221;<\/p>\n<p>8. Bucuria<br \/>\n\u201eAm r\u00e2s, am c\u00e2ntat\u201d<\/p>\n<p>9. Munca<br \/>\n\u201eDac\u0103 Dumnezeu nu construie\u015fte casa\u201d<\/p>\n<p>10. Fericirea<br \/>\n\u201eBucura\u0163i-v\u0103 de binecuv\u00e2ntare! Desfita\u0163i-v\u0103 \u00een bun\u0103tate!\u201d<\/p>\n<p>11. Perseveren\u0163a<br \/>\n\u201eNiciodat\u0103 nu m-au putut \u0163ine ia p\u0103m\u00e2nt\u201d<\/p>\n<p>12. Speran\u0163a<br \/>\n\u201eM\u0103 rog la Dumnezeu &#8230; \u015fi a\u015ftept s\u0103 v\u0103d ce va spune \u015fi ce va face El\u201d<\/p>\n<p>13. Smerenia<br \/>\n\u201eMi-am p\u0103strat picioarele pe p\u0103m\u00e2nt\u201d<\/p>\n<p>14. Ascultarea<br \/>\n\u201eCum ni L-a promis El pe Dumnezei<\/p>\n<p>15. Comunitatea<br \/>\n\u201eCa untdelemnul pre\u0163ios care se coboar\u0103 pe cap \u015fi pe barb\u0103\u201d<\/p>\n<p>16. Binecuv\u00e2ntarea<br \/>\n\u201eRidica\u0163i-v\u0103 m\u00e2inile \u015fi l\u0103uda\u0163i&#8221;<\/p>\n<p>Supunere \u00eendelungat\u0103<\/p>\n<p>Epilog<\/p>\n","protected":false},"excerpt":{"rendered":"<p>Cuprins Prefa\u0163\u0103 comemorativ\u0103 Un elogiu la celebrarea intr\u0103rii lui Eugene Peterson \u00een via\u0163a ve\u015fnic\u0103 Prefa\u0163\u0103 la cea de-a 20-a aniversare 1. Ucenicia \u201eCe te face s\u0103 crezi c\u0103 te po\u0163i lua la \u00eentrecere cu caii?&#8221; 2. Poc\u0103in\u0163a \u201eSunt condamnat s\u0103 tr\u0103iesc \u00een Me\u015fec\u201d 3. Purtarea de grij\u0103 \u201eDumnezeu te p\u0103ze\u015fte de orice r\u0103i?\u2019 4. Inchinarea [&hellip;]<\/p>\n","protected":false},"featured_media":11370,"comment_status":"open","ping_status":"closed","template":"","meta":[],"product_brand":[],"product_cat":[18],"product_tag":[],"class_list":{"0":"post-5997","1":"product","2":"type-product","3":"status-publish","4":"has-post-thumbnail","6":"product_cat-viata-crestina","8":"first","9":"instock","10":"shipping-taxable","11":"purchasable","12":"product-type-simple"},"_links":{"self":[{"href":"https:\/\/dev.sbro.ro\/wp-json\/wp\/v2\/product\/5997","targetHints":{"allow":["GET"]}}],"collection":[{"href":"https:\/\/dev.sbro.ro\/wp-json\/wp\/v2\/product"}],"about":[{"href":"https:\/\/dev.sbro.ro\/wp-json\/wp\/v2\/types\/product"}],"replies":[{"embeddable":true,"href":"https:\/\/dev.sbro.ro\/wp-json\/wp\/v2\/comments?post=5997"}],"wp:featuredmedia":[{"embeddable":true,"href":"https:\/\/dev.sbro.ro\/wp-json\/wp\/v2\/media\/11370"}],"wp:attachment":[{"href":"https:\/\/dev.sbro.ro\/wp-json\/wp\/v2\/media?parent=5997"}],"wp:term":[{"taxonomy":"product_brand","embeddable":true,"href":"https:\/\/dev.sbro.ro\/wp-json\/wp\/v2\/product_brand?post=5997"},{"taxonomy":"product_cat","embeddable":true,"href":"https:\/\/dev.sbro.ro\/wp-json\/wp\/v2\/product_cat?post=5997"},{"taxonomy":"product_tag","embeddable":true,"href":"https:\/\/dev.sbro.ro\/wp-json\/wp\/v2\/product_tag?post=5997"}],"curies":[{"name":"wp","href":"https:\/\/api.w.org\/{rel}","templated":true}]}}