{"id":602,"date":"2026-04-21T09:02:47","date_gmt":"2026-04-21T09:02:47","guid":{"rendered":"https:\/\/dev.sbro.ro\/?product=micul-sir-galahad"},"modified":"2026-04-21T09:02:47","modified_gmt":"2026-04-21T09:02:47","slug":"micul-sir-galahad","status":"publish","type":"product","link":"https:\/\/dev.sbro.ro\/product\/micul-sir-galahad\/","title":{"rendered":"Micul Sir Galahad"},"content":{"rendered":"<p>De c\u00e2nd a avut loc \u201etristul incident\u201d, micu\u0163ul David \u00ee\u015fi petrecea zilele st\u00e2nd l\u00e2ng\u0103 fereastr\u0103, privind copiii \u015fi muncitorii din Alverton trec\u00e2nd. Dar el este at\u00e2t de bogat \u00een z\u00e2mbete luminoase \u015fi \u00een jocuri imaginative \u00eenc\u00e2t ace\u015ftia nu au nici un motiv s\u0103 \u00eel numeasc\u0103 \u201eS\u0103r\u0103cu\u0163ul David.\u201d Cea mai mare dorin\u0163\u0103 a micu\u0163ului David este s\u0103 devin\u0103 din nou puternic, dar ceea ce \u00eenva\u0163\u0103 el este c\u0103 adev\u0103rata putere vine prin lupta cu propriul s\u0103u caracter \u015fi prin a alege s\u0103 fac\u0103 binele, mai ales atunci c\u00e2nd este foarte greu! Datorit\u0103 inimii sale curate, a puterii interioare \u015fi a faptelor nobile, el este denumit \u201eSir Galahad,\u201d un titlu onorabil pentru o persoan\u0103 \u201ea c\u0103rei putere este la fel de mare ca a zece persoane datorit\u0103 inimii sale curate. \u201eC\u00e2nd am citit prima dat\u0103 aceast\u0103 c\u0103rticic\u0103, am \u015ftiut c\u0103 m\u0103 oprisem asupra unei lucr\u0103ri ce avea s\u0103 slujeasc\u0103 de model pentru b\u0103ie\u0163i \u015fi fete \u00een \u00eenvingerea ispitei de a desconsidera copiii mai slabi. Sper c\u0103 ve\u0163i considera Micul Sir Galahad ca pe una dintre cele mai bune povestiri motivatoare pentru copii.\u201d Mark Hamby<\/p>\n","protected":false},"excerpt":{"rendered":"<p>De c\u00e2nd a avut loc \u201etristul incident\u201d, micu\u0163ul David \u00ee\u015fi petrecea zilele st\u00e2nd l\u00e2ng\u0103 fereastr\u0103, privind copiii \u015fi muncitorii din Alverton trec\u00e2nd. Dar el este at\u00e2t de bogat \u00een z\u00e2mbete luminoase \u015fi \u00een jocuri imaginative \u00eenc\u00e2t ace\u015ftia nu au nici un motiv s\u0103 \u00eel numeasc\u0103 \u201eS\u0103r\u0103cu\u0163ul David.\u201d Cea mai mare dorin\u0163\u0103 a micu\u0163ului David este [&hellip;]<\/p>\n","protected":false},"featured_media":6045,"comment_status":"open","ping_status":"closed","template":"","meta":[],"product_brand":[],"product_cat":[35,13],"product_tag":[],"class_list":{"0":"post-602","1":"product","2":"type-product","3":"status-publish","4":"has-post-thumbnail","6":"product_cat-copii","7":"product_cat-familie","9":"first","10":"instock","11":"shipping-taxable","12":"purchasable","13":"product-type-simple"},"_links":{"self":[{"href":"https:\/\/dev.sbro.ro\/wp-json\/wp\/v2\/product\/602","targetHints":{"allow":["GET"]}}],"collection":[{"href":"https:\/\/dev.sbro.ro\/wp-json\/wp\/v2\/product"}],"about":[{"href":"https:\/\/dev.sbro.ro\/wp-json\/wp\/v2\/types\/product"}],"replies":[{"embeddable":true,"href":"https:\/\/dev.sbro.ro\/wp-json\/wp\/v2\/comments?post=602"}],"wp:featuredmedia":[{"embeddable":true,"href":"https:\/\/dev.sbro.ro\/wp-json\/wp\/v2\/media\/6045"}],"wp:attachment":[{"href":"https:\/\/dev.sbro.ro\/wp-json\/wp\/v2\/media?parent=602"}],"wp:term":[{"taxonomy":"product_brand","embeddable":true,"href":"https:\/\/dev.sbro.ro\/wp-json\/wp\/v2\/product_brand?post=602"},{"taxonomy":"product_cat","embeddable":true,"href":"https:\/\/dev.sbro.ro\/wp-json\/wp\/v2\/product_cat?post=602"},{"taxonomy":"product_tag","embeddable":true,"href":"https:\/\/dev.sbro.ro\/wp-json\/wp\/v2\/product_tag?post=602"}],"curies":[{"name":"wp","href":"https:\/\/api.w.org\/{rel}","templated":true}]}}