{"id":647,"date":"2026-04-21T09:02:52","date_gmt":"2026-04-21T09:02:52","guid":{"rendered":"https:\/\/dev.sbro.ro\/?product=frica-de-domnul"},"modified":"2026-04-21T09:02:52","modified_gmt":"2026-04-21T09:02:52","slug":"frica-de-domnul","status":"publish","type":"product","link":"https:\/\/dev.sbro.ro\/product\/frica-de-domnul\/","title":{"rendered":"Frica de Domnul"},"content":{"rendered":"<p>Teama sf\u00e2nt\u0103 este cheia c\u0103tre temelia neclintit\u0103 a lui Dumnezeu, o cheie care deschide tezaurul m\u00e2ntuirii, al \u00een\u0163elepciunii \u015fi al cunoa\u015fterii. Al\u0103turi de dragostea de Dumnezeu, ea constituie \u00eens\u0103\u015fi temelia vie\u0163ii! Vom vedea \u00een continuare c\u0103 nu \u00cel putem iubi pe Dumnezeu cu adev\u0103rat dec\u00e2t c\u00e2nd ne temem de El; nici nu ne putem teme de El a\u015fa cum se cuvine dec\u00e2t c\u00e2nd \u00cel iubim.<\/p>\n","protected":false},"excerpt":{"rendered":"<p>Teama sf\u00e2nt\u0103 este cheia c\u0103tre temelia neclintit\u0103 a lui Dumnezeu, o cheie care deschide tezaurul m\u00e2ntuirii, al \u00een\u0163elepciunii \u015fi al cunoa\u015fterii. Al\u0103turi de dragostea de Dumnezeu, ea constituie \u00eens\u0103\u015fi temelia vie\u0163ii! Vom vedea \u00een continuare c\u0103 nu \u00cel putem iubi pe Dumnezeu cu adev\u0103rat dec\u00e2t c\u00e2nd ne temem de El; nici nu ne putem teme [&hellip;]<\/p>\n","protected":false},"featured_media":6088,"comment_status":"open","ping_status":"closed","template":"","meta":[],"product_brand":[],"product_cat":[18],"product_tag":[],"class_list":{"0":"post-647","1":"product","2":"type-product","3":"status-publish","4":"has-post-thumbnail","6":"product_cat-viata-crestina","8":"first","9":"outofstock","10":"shipping-taxable","11":"purchasable","12":"product-type-simple"},"_links":{"self":[{"href":"https:\/\/dev.sbro.ro\/wp-json\/wp\/v2\/product\/647","targetHints":{"allow":["GET"]}}],"collection":[{"href":"https:\/\/dev.sbro.ro\/wp-json\/wp\/v2\/product"}],"about":[{"href":"https:\/\/dev.sbro.ro\/wp-json\/wp\/v2\/types\/product"}],"replies":[{"embeddable":true,"href":"https:\/\/dev.sbro.ro\/wp-json\/wp\/v2\/comments?post=647"}],"wp:featuredmedia":[{"embeddable":true,"href":"https:\/\/dev.sbro.ro\/wp-json\/wp\/v2\/media\/6088"}],"wp:attachment":[{"href":"https:\/\/dev.sbro.ro\/wp-json\/wp\/v2\/media?parent=647"}],"wp:term":[{"taxonomy":"product_brand","embeddable":true,"href":"https:\/\/dev.sbro.ro\/wp-json\/wp\/v2\/product_brand?post=647"},{"taxonomy":"product_cat","embeddable":true,"href":"https:\/\/dev.sbro.ro\/wp-json\/wp\/v2\/product_cat?post=647"},{"taxonomy":"product_tag","embeddable":true,"href":"https:\/\/dev.sbro.ro\/wp-json\/wp\/v2\/product_tag?post=647"}],"curies":[{"name":"wp","href":"https:\/\/api.w.org\/{rel}","templated":true}]}}