{"id":652,"date":"2026-04-21T09:02:52","date_gmt":"2026-04-21T09:02:52","guid":{"rendered":"https:\/\/dev.sbro.ro\/?product=supa-de-pui-pentru-suflet-gandeste-pozitiv"},"modified":"2026-04-21T09:02:52","modified_gmt":"2026-04-21T09:02:52","slug":"supa-de-pui-pentru-suflet-gandeste-pozitiv","status":"publish","type":"product","link":"https:\/\/dev.sbro.ro\/?product=supa-de-pui-pentru-suflet-gandeste-pozitiv","title":{"rendered":"Supa de pui pentru suflet. Gandeste pozitiv"},"content":{"rendered":"<p>101 pove\u015fti inspira\u0163ionale despre recunoa\u015fterea binecuv\u00e2nt\u0103rilor din via\u0163a ta \u015fi despre atitudinea pozitiv\u0103 Orice om are nevoie uneori de o mic\u0103 schimbare a atitudinii personale. Uimitoarele pove\u015fti din aceast\u0103 carte \u00ee\u0163i arat\u0103 cum au reu\u015fit s\u0103 \u00ee\u015fi \u00eembun\u0103t\u0103\u0163easc\u0103 via\u0163a sau s\u0103 fac\u0103 fa\u0163\u0103 unor perioade dificile diferi\u0163i oameni reali prin folosirea g\u00e2ndirii pozitive. Po\u0163i citi \u00een aceast\u0103 carte pove\u015fti despre: Cum s\u0103 faci din fiecare zi o zi special\u0103 Cum s\u0103 integrezi recuno\u015ftin\u0163a \u015fi bucuria \u00een via\u0163a de zi cu zi Cum s\u0103 \u00ee\u0163i numeri binecuv\u00e2nt\u0103rile \u015fi cum s\u0103 \u00ee\u0163i schimbi perspectiva asupra vie\u0163ii Cum s\u0103 te folose\u015fti de afirma\u0163iile pozitive pentru a-\u0163i schimba via\u0163a \u00een bine Cum s\u0103 faci fa\u0163\u0103 cancerului \u015fi altor boli dificile prin cultivarea unei atitudini pozitive Cum s\u0103 \u00ee\u0163i simplifici via\u0163a, d\u00e2ndu-i \u00een acela\u015fi timp mai mult\u0103 semnifica\u0163ie Cum s\u0103 descoperi latura pozitiv\u0103 \u00eentr-o situa\u0163ie dificil\u0103 Cum s\u0103 transformi adversitatea \u00eentr-o oportunitate<\/p>\n","protected":false},"excerpt":{"rendered":"<p>101 pove\u015fti inspira\u0163ionale despre recunoa\u015fterea binecuv\u00e2nt\u0103rilor din via\u0163a ta \u015fi despre atitudinea pozitiv\u0103 Orice om are nevoie uneori de o mic\u0103 schimbare a atitudinii personale. Uimitoarele pove\u015fti din aceast\u0103 carte \u00ee\u0163i arat\u0103 cum au reu\u015fit s\u0103 \u00ee\u015fi \u00eembun\u0103t\u0103\u0163easc\u0103 via\u0163a sau s\u0103 fac\u0103 fa\u0163\u0103 unor perioade dificile diferi\u0163i oameni reali prin folosirea g\u00e2ndirii pozitive. Po\u0163i citi [&hellip;]<\/p>\n","protected":false},"featured_media":6093,"comment_status":"open","ping_status":"closed","template":"","meta":[],"product_brand":[],"product_cat":[45],"product_tag":[],"class_list":{"0":"post-652","1":"product","2":"type-product","3":"status-publish","4":"has-post-thumbnail","6":"product_cat-null","8":"first","9":"outofstock","10":"shipping-taxable","11":"purchasable","12":"product-type-simple"},"_links":{"self":[{"href":"https:\/\/dev.sbro.ro\/index.php?rest_route=\/wp\/v2\/product\/652","targetHints":{"allow":["GET"]}}],"collection":[{"href":"https:\/\/dev.sbro.ro\/index.php?rest_route=\/wp\/v2\/product"}],"about":[{"href":"https:\/\/dev.sbro.ro\/index.php?rest_route=\/wp\/v2\/types\/product"}],"replies":[{"embeddable":true,"href":"https:\/\/dev.sbro.ro\/index.php?rest_route=%2Fwp%2Fv2%2Fcomments&post=652"}],"wp:featuredmedia":[{"embeddable":true,"href":"https:\/\/dev.sbro.ro\/index.php?rest_route=\/wp\/v2\/media\/6093"}],"wp:attachment":[{"href":"https:\/\/dev.sbro.ro\/index.php?rest_route=%2Fwp%2Fv2%2Fmedia&parent=652"}],"wp:term":[{"taxonomy":"product_brand","embeddable":true,"href":"https:\/\/dev.sbro.ro\/index.php?rest_route=%2Fwp%2Fv2%2Fproduct_brand&post=652"},{"taxonomy":"product_cat","embeddable":true,"href":"https:\/\/dev.sbro.ro\/index.php?rest_route=%2Fwp%2Fv2%2Fproduct_cat&post=652"},{"taxonomy":"product_tag","embeddable":true,"href":"https:\/\/dev.sbro.ro\/index.php?rest_route=%2Fwp%2Fv2%2Fproduct_tag&post=652"}],"curies":[{"name":"wp","href":"https:\/\/api.w.org\/{rel}","templated":true}]}}