{"id":666,"date":"2026-04-21T09:02:53","date_gmt":"2026-04-21T09:02:53","guid":{"rendered":"https:\/\/dev.sbro.ro\/?product=legamantul-mai-bun"},"modified":"2026-04-21T09:02:53","modified_gmt":"2026-04-21T09:02:53","slug":"legamantul-mai-bun","status":"publish","type":"product","link":"https:\/\/dev.sbro.ro\/product\/legamantul-mai-bun\/","title":{"rendered":"Legamantul mai bun"},"content":{"rendered":"<p style=\"text-align: justify;\">\u00a0<\/p>\n<p style=\"text-align: justify;\">\u00a0<\/p>\n<p style=\"text-align: justify;\"><span style=\"font-size: large;\">Noul Leg\u0103m\u00e2nt este baza \u00eentregii vie\u0163i spirituale.<\/span><br \/><span style=\"font-size: large;\"> Datorit\u0103 Noului Leg\u0103m\u00e2nt, p\u0103catul nostru poate fi iertat \u015fi con\u015ftiin\u0163a noastr\u0103 poate dob\u00e2ndi pacea.<\/span><br \/><span style=\"font-size: large;\"> Datorit\u0103 Noului Leg\u0103m\u00e2nt suntem noi \u00een stare s\u0103 ascult\u0103m de Dumnezeu \u015fi   s\u0103 facem lucruri pl\u0103cute Lui. De asemenea, doar prin Noul Leg\u0103m\u00e2nt  avem  comuniune cu Dumnezeu \u00een mod direct \u015fi \u00cel putem cunoa\u015fte pe El a\u015fa  cum  este.<\/span><\/p>\n<p style=\"text-align: justify;\">\u00a0<\/p>\n<p style=\"text-align: justify;\">\u00a0<\/p>\n<p style=\"text-align: justify;\">\u00a0<\/p>\n<p style=\"text-align: justify;\">\u00a0<\/p>\n<p style=\"text-align: justify;\"><span style=\"font-size: large;\"><br \/><\/span><\/p>\n","protected":false},"excerpt":{"rendered":"<p>\u00a0 \u00a0 Noul Leg\u0103m\u00e2nt este baza \u00eentregii vie\u0163i spirituale. Datorit\u0103 Noului Leg\u0103m\u00e2nt, p\u0103catul nostru poate fi iertat \u015fi con\u015ftiin\u0163a noastr\u0103 poate dob\u00e2ndi pacea. Datorit\u0103 Noului Leg\u0103m\u00e2nt suntem noi \u00een stare s\u0103 ascult\u0103m de Dumnezeu \u015fi s\u0103 facem lucruri pl\u0103cute Lui. De asemenea, doar prin Noul Leg\u0103m\u00e2nt avem comuniune cu Dumnezeu \u00een mod direct \u015fi \u00cel [&hellip;]<\/p>\n","protected":false},"featured_media":6106,"comment_status":"open","ping_status":"closed","template":"","meta":[],"product_brand":[],"product_cat":[18],"product_tag":[],"class_list":{"0":"post-666","1":"product","2":"type-product","3":"status-publish","4":"has-post-thumbnail","6":"product_cat-viata-crestina","8":"first","9":"instock","10":"shipping-taxable","11":"purchasable","12":"product-type-simple"},"_links":{"self":[{"href":"https:\/\/dev.sbro.ro\/wp-json\/wp\/v2\/product\/666","targetHints":{"allow":["GET"]}}],"collection":[{"href":"https:\/\/dev.sbro.ro\/wp-json\/wp\/v2\/product"}],"about":[{"href":"https:\/\/dev.sbro.ro\/wp-json\/wp\/v2\/types\/product"}],"replies":[{"embeddable":true,"href":"https:\/\/dev.sbro.ro\/wp-json\/wp\/v2\/comments?post=666"}],"wp:featuredmedia":[{"embeddable":true,"href":"https:\/\/dev.sbro.ro\/wp-json\/wp\/v2\/media\/6106"}],"wp:attachment":[{"href":"https:\/\/dev.sbro.ro\/wp-json\/wp\/v2\/media?parent=666"}],"wp:term":[{"taxonomy":"product_brand","embeddable":true,"href":"https:\/\/dev.sbro.ro\/wp-json\/wp\/v2\/product_brand?post=666"},{"taxonomy":"product_cat","embeddable":true,"href":"https:\/\/dev.sbro.ro\/wp-json\/wp\/v2\/product_cat?post=666"},{"taxonomy":"product_tag","embeddable":true,"href":"https:\/\/dev.sbro.ro\/wp-json\/wp\/v2\/product_tag?post=666"}],"curies":[{"name":"wp","href":"https:\/\/api.w.org\/{rel}","templated":true}]}}