{"id":678,"date":"2026-04-21T09:02:55","date_gmt":"2026-04-21T09:02:55","guid":{"rendered":"https:\/\/dev.sbro.ro\/?product=introducere-in-teologie"},"modified":"2026-04-21T09:02:55","modified_gmt":"2026-04-21T09:02:55","slug":"introducere-in-teologie","status":"publish","type":"product","link":"https:\/\/dev.sbro.ro\/product\/introducere-in-teologie\/","title":{"rendered":"Introducere in teologie"},"content":{"rendered":"<p>Aceast\u0103 carte a lui J. C. Wenger nu este altceva dec\u00e2t o \u00eencercare de a grupa \u00eenv\u0103\u0163\u0103turile biblice \u00eentr-o lucrare accesibil\u0103, ordonat\u0103 sistematic. Aceasta va fi o binecuv\u00e2ntare pentru to\u0163i aceia care vor s\u0103 cunoasc\u0103 \u015fi s\u0103 \u00een\u0163eleag\u0103 mai bine Biblia.<\/p>\n","protected":false},"excerpt":{"rendered":"<p>Aceast\u0103 carte a lui J. C. Wenger nu este altceva dec\u00e2t o \u00eencercare de a grupa \u00eenv\u0103\u0163\u0103turile biblice \u00eentr-o lucrare accesibil\u0103, ordonat\u0103 sistematic. Aceasta va fi o binecuv\u00e2ntare pentru to\u0163i aceia care vor s\u0103 cunoasc\u0103 \u015fi s\u0103 \u00een\u0163eleag\u0103 mai bine Biblia.<\/p>\n","protected":false},"featured_media":6118,"comment_status":"open","ping_status":"closed","template":"","meta":[],"product_brand":[],"product_cat":[8],"product_tag":[],"class_list":{"0":"post-678","1":"product","2":"type-product","3":"status-publish","4":"has-post-thumbnail","6":"product_cat-carti","8":"first","9":"outofstock","10":"shipping-taxable","11":"purchasable","12":"product-type-simple"},"_links":{"self":[{"href":"https:\/\/dev.sbro.ro\/wp-json\/wp\/v2\/product\/678","targetHints":{"allow":["GET"]}}],"collection":[{"href":"https:\/\/dev.sbro.ro\/wp-json\/wp\/v2\/product"}],"about":[{"href":"https:\/\/dev.sbro.ro\/wp-json\/wp\/v2\/types\/product"}],"replies":[{"embeddable":true,"href":"https:\/\/dev.sbro.ro\/wp-json\/wp\/v2\/comments?post=678"}],"wp:featuredmedia":[{"embeddable":true,"href":"https:\/\/dev.sbro.ro\/wp-json\/wp\/v2\/media\/6118"}],"wp:attachment":[{"href":"https:\/\/dev.sbro.ro\/wp-json\/wp\/v2\/media?parent=678"}],"wp:term":[{"taxonomy":"product_brand","embeddable":true,"href":"https:\/\/dev.sbro.ro\/wp-json\/wp\/v2\/product_brand?post=678"},{"taxonomy":"product_cat","embeddable":true,"href":"https:\/\/dev.sbro.ro\/wp-json\/wp\/v2\/product_cat?post=678"},{"taxonomy":"product_tag","embeddable":true,"href":"https:\/\/dev.sbro.ro\/wp-json\/wp\/v2\/product_tag?post=678"}],"curies":[{"name":"wp","href":"https:\/\/api.w.org\/{rel}","templated":true}]}}