{"id":690,"date":"2026-04-21T09:02:55","date_gmt":"2026-04-21T09:02:55","guid":{"rendered":"https:\/\/dev.sbro.ro\/?product=supa-de-pui-pentru-suflet-indoliat"},"modified":"2026-04-21T09:02:55","modified_gmt":"2026-04-21T09:02:55","slug":"supa-de-pui-pentru-suflet-indoliat","status":"publish","type":"product","link":"https:\/\/dev.sbro.ro\/?product=supa-de-pui-pentru-suflet-indoliat","title":{"rendered":"Supa de pui pentru suflet indoliat"},"content":{"rendered":"<p>Pove\u015fti despre via\u0163\u0103, moarte \u015fi cum s\u0103 treci peste pierderea unei persoane dragi Aceast\u0103 colec\u0163ie de pove\u015fti adev\u0103rate va inspira \u015fi va emo\u0163iona cu siguran\u0163\u0103 multe inimi. Scrise de autori care au pierdut pe cineva drag, aceste istorii ofer\u0103 m\u00e2ng\u00e2iere, pace \u015fi \u00een\u0163elegere celor care trec prin procesul doliului. Fiecare om \u00ee\u015fi tr\u0103ie\u015fte suferin\u0163a provocat\u0103 de doliu \u00een propria sa manier\u0103, acord\u00e2ndu-\u015fi timpul de care are nevoie, dar sfaturile \u015fi sprijinul primite de la alte persoane le sunt de mare folos celor afla\u0163i \u00een aceast\u0103 situa\u0163ie. Unul din prin-cipalele mesaje transmise de cartea Sup\u0103 de pui pentru suflet \u00eendoliat este c\u0103 rela\u0163iile \u015fi \u00eemp\u0103rt\u0103-\u015firea sunt principalele chei care \u00eel ajut\u0103 pe cel \u00eendoliat s\u0103 \u00ee\u015fi continue via\u0163a. \u00cen aceste istorii, oamenii \u00ee\u015fi descriu experien\u0163ele legate de doliu \u015fi \u00ee\u015fi \u00eemp\u0103rt\u0103\u015fesc amintiri extrem de intime. Ei au descoperit c\u0103 exprimarea g\u00e2ndurilor \u015fi senti-mentelor lor \u00een cuvinte joac\u0103 un rol de catarsis, permi\u0163\u00e2ndu-le s\u0103 se reconecteze cu sufletele celor disp\u0103ru\u0163i, dar \u015fi cu ceilal\u0163i oameni din jurul lor. Cuvintele de \u00eencurajare abund\u0103 \u00een aceast\u0103 carte \u015fi merg drept la inim\u0103. Cititorii se vor sim\u0163i inspira\u0163i \u015fi m\u00e2ng\u00e2ia\u0163i de aceste pove\u015fti reale scrise de oameni care \u015fi-au reg\u0103sit speran\u0163a \u015fi t\u0103ria interioar\u0103 f\u0103c\u00e2nd servicii semnificative, ac\u0163iuni pline de compasiune \u015fi cul-tiv\u00e2nd amintiri speciale. Dar cel mai important lucru: a\u015fa cum autorii au ajuns s\u0103 aprecieze via\u0163a \u00een urma suferin\u0163ei provocate de doliul prin care au trecut, cititorii vor descoperi c\u0103 pot face acela\u015fi lucru. Aceste pove\u015fti m\u00e2ng\u00e2ie sufletul ca un bol cu sup\u0103 cald\u0103, un dar perfect pentru a aduce ali-nare \u015fi pentru a conferi t\u0103rie \u015fi curaj.<\/p>\n","protected":false},"excerpt":{"rendered":"<p>Pove\u015fti despre via\u0163\u0103, moarte \u015fi cum s\u0103 treci peste pierderea unei persoane dragi Aceast\u0103 colec\u0163ie de pove\u015fti adev\u0103rate va inspira \u015fi va emo\u0163iona cu siguran\u0163\u0103 multe inimi. Scrise de autori care au pierdut pe cineva drag, aceste istorii ofer\u0103 m\u00e2ng\u00e2iere, pace \u015fi \u00een\u0163elegere celor care trec prin procesul doliului. Fiecare om \u00ee\u015fi tr\u0103ie\u015fte suferin\u0163a provocat\u0103 [&hellip;]<\/p>\n","protected":false},"featured_media":6130,"comment_status":"open","ping_status":"closed","template":"","meta":[],"product_brand":[],"product_cat":[8],"product_tag":[],"class_list":{"0":"post-690","1":"product","2":"type-product","3":"status-publish","4":"has-post-thumbnail","6":"product_cat-carti","8":"first","9":"outofstock","10":"shipping-taxable","11":"purchasable","12":"product-type-simple"},"_links":{"self":[{"href":"https:\/\/dev.sbro.ro\/index.php?rest_route=\/wp\/v2\/product\/690","targetHints":{"allow":["GET"]}}],"collection":[{"href":"https:\/\/dev.sbro.ro\/index.php?rest_route=\/wp\/v2\/product"}],"about":[{"href":"https:\/\/dev.sbro.ro\/index.php?rest_route=\/wp\/v2\/types\/product"}],"replies":[{"embeddable":true,"href":"https:\/\/dev.sbro.ro\/index.php?rest_route=%2Fwp%2Fv2%2Fcomments&post=690"}],"wp:featuredmedia":[{"embeddable":true,"href":"https:\/\/dev.sbro.ro\/index.php?rest_route=\/wp\/v2\/media\/6130"}],"wp:attachment":[{"href":"https:\/\/dev.sbro.ro\/index.php?rest_route=%2Fwp%2Fv2%2Fmedia&parent=690"}],"wp:term":[{"taxonomy":"product_brand","embeddable":true,"href":"https:\/\/dev.sbro.ro\/index.php?rest_route=%2Fwp%2Fv2%2Fproduct_brand&post=690"},{"taxonomy":"product_cat","embeddable":true,"href":"https:\/\/dev.sbro.ro\/index.php?rest_route=%2Fwp%2Fv2%2Fproduct_cat&post=690"},{"taxonomy":"product_tag","embeddable":true,"href":"https:\/\/dev.sbro.ro\/index.php?rest_route=%2Fwp%2Fv2%2Fproduct_tag&post=690"}],"curies":[{"name":"wp","href":"https:\/\/api.w.org\/{rel}","templated":true}]}}