{"id":711,"date":"2026-04-21T09:02:58","date_gmt":"2026-04-21T09:02:58","guid":{"rendered":"https:\/\/dev.sbro.ro\/?product=leac-pentru-suflete-vatamate"},"modified":"2026-04-21T09:02:58","modified_gmt":"2026-04-21T09:02:58","slug":"leac-pentru-suflete-vatamate","status":"publish","type":"product","link":"https:\/\/dev.sbro.ro\/?product=leac-pentru-suflete-vatamate","title":{"rendered":"Leac pentru suflete vatamate"},"content":{"rendered":"<p>De ce s\u0103 suferi \u00een prezent din cauza trecutului?<\/p>\n<p>Se spune c\u0103 \u201etimpul vindec\u0103 orice ran\u0103\u201c, dar adev\u0103rul este c\u0103 unele r\u0103ni pot fi \u00eengropate, ignorate sau chiar negate, \u00eens\u0103 nu neap\u0103rat vindecate. \u015ei, \u00een ciuda multor voci care sus\u0163in contrariul, nici chiar o via\u0163\u0103 cre\u015ftin\u0103 devotat\u0103 sau practicarea s\u00e2rguincioas\u0103 a disciplinelor spirituale nu aduce automat vindecarea tuturor r\u0103nilor sufletului.<br \/>\nDr. Seamands ne ajut\u0103 s\u0103 \u00een\u0163elegem de ce unele suferin\u0163e nu se vindec\u0103 la fel de u\u015for ca altele, cum putem sc\u0103pa de chinurile pe care ni le provoac\u0103 vina \u015fi neiertarea, s\u0103 \u00een\u021belegem caracterul distructiv \u015fi diabolic de \u00een\u015fel\u0103tor al autosubestim\u0103rii, masca hidoas\u0103 \u015fi sclavia crunt\u0103 a perfec\u0163ionismului, s\u0103 vedem fa\u0163a adev\u0103rat\u0103 \u015fi cea fals\u0103 a depresiei, precum \u015fi s\u0103 g\u0103sim calea spre vindecare pentru fiecare dintre aceste boli ale sufletului.<\/p>\n<p>DAVID SEAMANDS a fost pastor, misionar \u0219i profesor emerit \u0219i consilier la Asbury Theological Seminary. Este autorul mai multor c\u0103r\u021bi, printre care Putting Away Childish Things, Freedom from the Performance Trap \u0219i If Only.<\/p>\n","protected":false},"excerpt":{"rendered":"<p>De ce s\u0103 suferi \u00een prezent din cauza trecutului? Se spune c\u0103 \u201etimpul vindec\u0103 orice ran\u0103\u201c, dar adev\u0103rul este c\u0103 unele r\u0103ni pot fi \u00eengropate, ignorate sau chiar negate, \u00eens\u0103 nu neap\u0103rat vindecate. \u015ei, \u00een ciuda multor voci care sus\u0163in contrariul, nici chiar o via\u0163\u0103 cre\u015ftin\u0103 devotat\u0103 sau practicarea s\u00e2rguincioas\u0103 a disciplinelor spirituale nu aduce [&hellip;]<\/p>\n","protected":false},"featured_media":6151,"comment_status":"open","ping_status":"closed","template":"","meta":[],"product_brand":[],"product_cat":[41],"product_tag":[],"class_list":{"0":"post-711","1":"product","2":"type-product","3":"status-publish","4":"has-post-thumbnail","6":"product_cat-consiliere","8":"first","9":"instock","10":"shipping-taxable","11":"purchasable","12":"product-type-simple"},"_links":{"self":[{"href":"https:\/\/dev.sbro.ro\/index.php?rest_route=\/wp\/v2\/product\/711","targetHints":{"allow":["GET"]}}],"collection":[{"href":"https:\/\/dev.sbro.ro\/index.php?rest_route=\/wp\/v2\/product"}],"about":[{"href":"https:\/\/dev.sbro.ro\/index.php?rest_route=\/wp\/v2\/types\/product"}],"replies":[{"embeddable":true,"href":"https:\/\/dev.sbro.ro\/index.php?rest_route=%2Fwp%2Fv2%2Fcomments&post=711"}],"wp:featuredmedia":[{"embeddable":true,"href":"https:\/\/dev.sbro.ro\/index.php?rest_route=\/wp\/v2\/media\/6151"}],"wp:attachment":[{"href":"https:\/\/dev.sbro.ro\/index.php?rest_route=%2Fwp%2Fv2%2Fmedia&parent=711"}],"wp:term":[{"taxonomy":"product_brand","embeddable":true,"href":"https:\/\/dev.sbro.ro\/index.php?rest_route=%2Fwp%2Fv2%2Fproduct_brand&post=711"},{"taxonomy":"product_cat","embeddable":true,"href":"https:\/\/dev.sbro.ro\/index.php?rest_route=%2Fwp%2Fv2%2Fproduct_cat&post=711"},{"taxonomy":"product_tag","embeddable":true,"href":"https:\/\/dev.sbro.ro\/index.php?rest_route=%2Fwp%2Fv2%2Fproduct_tag&post=711"}],"curies":[{"name":"wp","href":"https:\/\/api.w.org\/{rel}","templated":true}]}}