{"id":713,"date":"2026-04-21T09:02:58","date_gmt":"2026-04-21T09:02:58","guid":{"rendered":"https:\/\/dev.sbro.ro\/?product=legamantul-casniciei"},"modified":"2026-04-21T09:02:58","modified_gmt":"2026-04-21T09:02:58","slug":"legamantul-casniciei","status":"publish","type":"product","link":"https:\/\/dev.sbro.ro\/product\/legamantul-casniciei\/","title":{"rendered":"Legamantul casniciei"},"content":{"rendered":"<p>O c\u0103snicie \u00eemplinit\u0103 \u015fi fericit\u0103 este una dintre cele mai mari binecuv\u00e2nt\u0103ri pe care Dumnezeu le-a r\u00e2nduit pentru noi. Necunosc\u00e2nd \u201eregulamentul\u201d lui Dumnezeu, care a \u00eenfiin\u0163at c\u0103snicia, nu ne putem a\u015ftepta la succes. De aceea, este neap\u0103rat necesar s\u0103 cunoa\u015ftem principiile care stau la baza acestui leg\u0103m\u00e2nt.<\/p>\n","protected":false},"excerpt":{"rendered":"<p>O c\u0103snicie \u00eemplinit\u0103 \u015fi fericit\u0103 este una dintre cele mai mari binecuv\u00e2nt\u0103ri pe care Dumnezeu le-a r\u00e2nduit pentru noi. Necunosc\u00e2nd \u201eregulamentul\u201d lui Dumnezeu, care a \u00eenfiin\u0163at c\u0103snicia, nu ne putem a\u015ftepta la succes. De aceea, este neap\u0103rat necesar s\u0103 cunoa\u015ftem principiile care stau la baza acestui leg\u0103m\u00e2nt.<\/p>\n","protected":false},"featured_media":6153,"comment_status":"open","ping_status":"closed","template":"","meta":[],"product_brand":[],"product_cat":[14],"product_tag":[],"class_list":{"0":"post-713","1":"product","2":"type-product","3":"status-publish","4":"has-post-thumbnail","6":"product_cat-viata-de-familie","8":"first","9":"outofstock","10":"shipping-taxable","11":"purchasable","12":"product-type-simple"},"_links":{"self":[{"href":"https:\/\/dev.sbro.ro\/wp-json\/wp\/v2\/product\/713","targetHints":{"allow":["GET"]}}],"collection":[{"href":"https:\/\/dev.sbro.ro\/wp-json\/wp\/v2\/product"}],"about":[{"href":"https:\/\/dev.sbro.ro\/wp-json\/wp\/v2\/types\/product"}],"replies":[{"embeddable":true,"href":"https:\/\/dev.sbro.ro\/wp-json\/wp\/v2\/comments?post=713"}],"wp:featuredmedia":[{"embeddable":true,"href":"https:\/\/dev.sbro.ro\/wp-json\/wp\/v2\/media\/6153"}],"wp:attachment":[{"href":"https:\/\/dev.sbro.ro\/wp-json\/wp\/v2\/media?parent=713"}],"wp:term":[{"taxonomy":"product_brand","embeddable":true,"href":"https:\/\/dev.sbro.ro\/wp-json\/wp\/v2\/product_brand?post=713"},{"taxonomy":"product_cat","embeddable":true,"href":"https:\/\/dev.sbro.ro\/wp-json\/wp\/v2\/product_cat?post=713"},{"taxonomy":"product_tag","embeddable":true,"href":"https:\/\/dev.sbro.ro\/wp-json\/wp\/v2\/product_tag?post=713"}],"curies":[{"name":"wp","href":"https:\/\/api.w.org\/{rel}","templated":true}]}}