{"id":793,"date":"2026-04-21T09:03:06","date_gmt":"2026-04-21T09:03:06","guid":{"rendered":"https:\/\/dev.sbro.ro\/?product=voi-cercetati-scripturile"},"modified":"2026-04-21T09:03:06","modified_gmt":"2026-04-21T09:03:06","slug":"voi-cercetati-scripturile","status":"publish","type":"product","link":"https:\/\/dev.sbro.ro\/?product=voi-cercetati-scripturile","title":{"rendered":"Voi cercetati Scripturile"},"content":{"rendered":"<p>Studierea Cuv\u00e2ntului nu ridic\u0103 doar problema metodei, ci, mai ales, pe a omului care studiaz\u0103. Unii studiaz\u0103 corect, pentru c\u0103 au \u00eenv\u0103\u0163at \u00eenaintea lui Dumnezeu; \u00een consecin\u0163\u0103, aplic\u00e2nd metoda potrivit\u0103, sunt \u00een stare s\u0103 capete cuno\u015ftin\u0163\u0103 biblic\u0103. Numai c\u0103 simpla transmitere a modului de studiu folosit de ei, f\u0103r\u0103 ca, \u00een acela\u015fi timp, \u015fi via\u0163a lor s\u0103 fie transmis\u0103, nu le va fi de nici un folos acelora a c\u0103ror via\u0163\u0103 nu este dreapt\u0103 \u00eenaintea lui Dumnezeu.<\/p>\n","protected":false},"excerpt":{"rendered":"<p>Studierea Cuv\u00e2ntului nu ridic\u0103 doar problema metodei, ci, mai ales, pe a omului care studiaz\u0103. Unii studiaz\u0103 corect, pentru c\u0103 au \u00eenv\u0103\u0163at \u00eenaintea lui Dumnezeu; \u00een consecin\u0163\u0103, aplic\u00e2nd metoda potrivit\u0103, sunt \u00een stare s\u0103 capete cuno\u015ftin\u0163\u0103 biblic\u0103. Numai c\u0103 simpla transmitere a modului de studiu folosit de ei, f\u0103r\u0103 ca, \u00een acela\u015fi timp, \u015fi via\u0163a [&hellip;]<\/p>\n","protected":false},"featured_media":6233,"comment_status":"open","ping_status":"closed","template":"","meta":[],"product_brand":[],"product_cat":[18],"product_tag":[],"class_list":{"0":"post-793","1":"product","2":"type-product","3":"status-publish","4":"has-post-thumbnail","6":"product_cat-viata-crestina","8":"first","9":"instock","10":"shipping-taxable","11":"purchasable","12":"product-type-simple"},"_links":{"self":[{"href":"https:\/\/dev.sbro.ro\/index.php?rest_route=\/wp\/v2\/product\/793","targetHints":{"allow":["GET"]}}],"collection":[{"href":"https:\/\/dev.sbro.ro\/index.php?rest_route=\/wp\/v2\/product"}],"about":[{"href":"https:\/\/dev.sbro.ro\/index.php?rest_route=\/wp\/v2\/types\/product"}],"replies":[{"embeddable":true,"href":"https:\/\/dev.sbro.ro\/index.php?rest_route=%2Fwp%2Fv2%2Fcomments&post=793"}],"wp:featuredmedia":[{"embeddable":true,"href":"https:\/\/dev.sbro.ro\/index.php?rest_route=\/wp\/v2\/media\/6233"}],"wp:attachment":[{"href":"https:\/\/dev.sbro.ro\/index.php?rest_route=%2Fwp%2Fv2%2Fmedia&parent=793"}],"wp:term":[{"taxonomy":"product_brand","embeddable":true,"href":"https:\/\/dev.sbro.ro\/index.php?rest_route=%2Fwp%2Fv2%2Fproduct_brand&post=793"},{"taxonomy":"product_cat","embeddable":true,"href":"https:\/\/dev.sbro.ro\/index.php?rest_route=%2Fwp%2Fv2%2Fproduct_cat&post=793"},{"taxonomy":"product_tag","embeddable":true,"href":"https:\/\/dev.sbro.ro\/index.php?rest_route=%2Fwp%2Fv2%2Fproduct_tag&post=793"}],"curies":[{"name":"wp","href":"https:\/\/api.w.org\/{rel}","templated":true}]}}