{"id":830,"date":"2026-04-21T09:03:10","date_gmt":"2026-04-21T09:03:10","guid":{"rendered":"https:\/\/dev.sbro.ro\/?product=psalmii-inimii-mele"},"modified":"2026-04-21T09:03:10","modified_gmt":"2026-04-21T09:03:10","slug":"psalmii-inimii-mele","status":"publish","type":"product","link":"https:\/\/dev.sbro.ro\/product\/psalmii-inimii-mele\/","title":{"rendered":"Psalmii inimii mele"},"content":{"rendered":"<p style=\"text-align: justify;\"><span style=\"font-size: small;\">&#8220;Gra\u0163ie studiilor muzicale la Liceul de Muzic\u0103 timi\u015forean \u015fi a  implic\u0103rii active \u00een orchestra bisericii din Timi\u015foara &#8211; centru de  referin\u0163\u0103 pentru muzica cre\u015ftina din Rom&acirc;nia &#8211; Iconia Caba are un bogat  repertoriu de c&acirc;nt\u0103ri de laud\u0103 \u00eenchinate lui Dumnezeu. Inima auditorului  este m&acirc;ng\u0103iat\u0103 \u015fi \u00eemb\u0103rb\u0103tat\u0103 prin glasul duios \u015fi mesajul pe care \u00eel  red\u0103 prin tr\u0103irea sufleteasc\u0103 transmis\u0103 prin interpretare.<\/span><\/p>\n<p style=\"text-align: justify;\"><span style=\"font-size: small;\">Ascult&acirc;nd \u00eenregistr\u0103rile, consta\u0163i c\u0103 repertoriul este ales cu grij\u0103  din toate stilurile muzicale acceptate de biseric\u0103, fiind benefice,  precum recitativ \u015fi monodie \u00eembinate cu c&acirc;ntecele popoarelor, mai ales  pe melosul rom&acirc;nesc, specifice fiind doina \u015fi roman\u0163a la care adaug\u0103m  redarea muzicii tonal func\u0163ionale. Muzica secolului XX aduce un plus de  varietate, \u00eembog\u0103\u0163ind paleta expresiv\u0103, iar Iconia Caba le-a filtrat  prin suflet \u015fi minte, dublate de bun gust estetic \u015fi experien\u0163a zecilor  de ani petrecu\u0163i sub carisma laudelor sfinte. Tematicile c&acirc;ntecelor sunt  profund evanghelice \u015fi mereu actuale, directe \u015fi meditative,  transcend&acirc;nd auditorul la \u00eenalte tr\u0103iri spirituale. cantarea de laud\u0103 a  Iconiei se materializeaz\u0103 \u00een ofrande spre slava lui Dumnezeu \u015fi bucuria  noastr\u0103.&#8221;<\/span><br \/><span style=\"font-size: small;\"> Lect. Univ. Dr. Gheorghe Mogo\u015fan<\/span><br \/><span style=\"font-size: small;\"> Academia de Muzica &ldquo;Gheorghe Dima&rdquo;<\/span><\/p>\n<p style=\"text-align: justify;\"><span style=\"font-size: small;\">&#8220;M\u0103 bucur de privilegiul ce mi s-a dat de a scrie c&acirc;teva r&acirc;nduri  pentru colec\u0163ia de c&acirc;nt\u0103ri compuse de sora Iconia Caba. Ea este printre  cei pu\u0163ini ale\u015fi care au primit darul compozi\u0163iei muzicale ca un izvor  nesecat, deschis pentru orice suflet \u00eensetat dup\u0103 Domnul.<\/span><\/p>\n<p style=\"text-align: justify;\"><span style=\"font-size: small;\">Cuv&acirc;ntul Noului Testament spune: &ldquo;Inv\u0103\u0163a\u0163i-v\u0103 \u015fi sf\u0103tui\u0163i-v\u0103 unii pe  al\u0163ii cu psalmi \u015fi cu c&acirc;nt\u0103ri duhovnice\u015fti, c&acirc;nt&acirc;nd lui Dumnezeu cu  mul\u0163umire \u00een inima voastr\u0103.&#8221; (Cls.3:16)<\/span><\/p>\n<p style=\"text-align: justify;\"><span style=\"font-size: small;\">Pe vocea sorei Iconia Caba vibreaz\u0103 gama tr\u0103irii cre\u015ftine, exprimat\u0103  \u00een armonia c&acirc;ntecului, c&acirc;ntat cu mult\u0103 \u00een\u0163elepciune \u015fi duio\u015fie.  &Icirc;ncerc\u0103rile \u015fi suferin\u0163ele de care a avut parte nu au putut s\u0103 \u00eei sting\u0103  focul ce ardea cu putere \u00een inima ei, continu&acirc;nd s\u0103 compun\u0103 \u015fi s\u0103 c&acirc;nte  pentru Domnul nostu Isus Hristos. El este mereu onorat \u015fi \u00een\u0103l\u0163at \u00een  c&acirc;nt\u0103rile compuse \u015fi c&acirc;ntate de ea.<\/span><\/p>\n<p style=\"text-align: justify;\"><span style=\"font-size: small;\">Fie ca atunci c&acirc;nd vom avea \u00een m&acirc;n\u0103 aceast\u0103 carte, s\u0103 ne l\u0103s\u0103m  p\u0103trun\u015fi de mesajul ad&acirc;nc al c&acirc;nt\u0103rilor lucrate \u015fi armonizate prin Duhul  Sf&acirc;nt, ca s\u0103 putem c&acirc;nta cu to\u0163i \u00eempreun\u0103.&#8221;<\/span><\/p>\n<p style=\"text-align: justify;\"><span style=\"font-size: small;\">Oradea,07.07.2009, Pastor Dr.Liviu Apolzan<\/span><\/p>\n<p style=\"text-align: justify;\"><span style=\"font-size: small;\">Frumuse\u0163ea c&acirc;ntecului \u015fi a poeziei sunt doar o parte din marea \u015fi  bogata mo\u015ftenire pe care mami ne-o las\u0103 nou\u0103, copiilor ei. Ca \u015fi copil  am \u00eenv\u0103\u0163at de la mama mea c\u0103 \u015fi \u00een cele mai grele \u00eencerc\u0103ri, victoria se  c&acirc;\u015ftig\u0103 prin c&acirc;ntare \u015fi laud\u0103 \u00eenaintea lui Dumnezeu. S\u0103m&acirc;n\u0163a sem\u0103nat\u0103  de ea \u00een inima mea atunci a \u00eencol\u0163it \u015fi a crescut, \u015fi ast\u0103zi \u00eemi num\u0103r  biruin\u0163ele prin Isus chiar \u015fi \u00een locuri aride \u015fi \u00eentunecoase, \u00een  mijlocul unui popor str\u0103in de Dumnezeu. Acelea\u015fi c&acirc;nt\u0103ri \u015fi versuri care  m-au \u00eencurajat \u015fi ajutat s\u0103 cresc acas\u0103, m\u0103 \u00eenso\u0163esc aici \u00een Africa,  amintindu-mi de dragostea \u015fi credincio\u015fia Tatalui Ceresc.<\/span><\/p>\n<p style=\"text-align: justify;\"><span style=\"font-size: small;\">A\u015fa cum Isus se retr\u0103gea \u00een pustiu pentru rug\u0103ciune \u015fi re\u00eenc\u0103rcare  spiritual\u0103, a\u015fa \u015fi mami se retr\u0103gea \u00een c&acirc;ntare, \u00een fa\u0163a pianului, sau pe  genunchi \u00een c\u0103m\u0103ru\u0163a ei. C&acirc;ntarea \u015fi poezia au fost \u015fi sunt \u00eentotdeauna  un refugiu pentru inima ei \u00eenc\u0103rcat\u0103 de grij\u0103 \u015fi dorin\u0163e pentru copiii  ei. Ca so\u0163ie de pastor \u015fi mam\u0103 a nou\u0103 copila\u015fi, de-a lungul multor ani  de \u00eencerc\u0103ri \u015fi bucurii, Dumnezeu i-a dat un dar deosebit &ndash; s\u0103 aud\u0103  muzica cerului \u015fi apoi s\u0103 fie mesagerul ei. Sunt c&acirc;nt\u0103ri \u015fi poezii aduse  direct din inima Tat\u0103lui pentru noi to\u0163i. Ca \u015fi copii ai ei, suntem   privilegia\u0163i \u015fi mult binecuv&acirc;nta\u0163i s\u0103 \u00eemp\u0103rt\u0103\u015fim cu ea primii din  frumuse\u0163ea versurilor \u015fi a melodiilor inspirate de Duhul Sf&acirc;nt.<\/span><\/p>\n<p style=\"margin-bottom: 0cm; text-align: justify;\"><span style=\"font-size: small;\">Poezia \u015fi c&acirc;nt\u0103rile ei sunt r\u0103spunsuri la  rug\u0103ciuni, \u00eencuraj\u0103ri \u00een timpuri grele, sfaturi pre\u0163ioase \u015fi mai mult  dec&acirc;t orice, laud\u0103 \u015fi \u00eenchinare \u00eenaintea lui Dumnezeu. \u00c5\u017etiu c\u0103 vor aduce  aceea\u015fi bucurie \u015fi intimitate \u00een prezen\u0163a lui Dumnezeu tuturor acelora  care vor citi, c&acirc;nta \u015fi \u00eemp\u0103rt\u0103\u015fi cu al\u0163ii din bog\u0103\u0163ia acestor  declara\u0163ii \u015fi mesaje de dragoste exprimate prin versuri. Cu toat\u0103 inima  sunt privilegiat\u0103 \u015fi fericit\u0103 s\u0103 v\u0103 invit s\u0103 intra\u0163i pe p\u0103m&acirc;ntul sf&acirc;nt  al intimit\u0103\u0163ii cu Isus al inimii mamei mele.<\/span><\/p>\n<p style=\"margin-bottom: 0cm; text-align: justify;\"><span style=\"font-size: small;\">Simona Mihaela Caba<\/span><\/p>\n","protected":false},"excerpt":{"rendered":"<p>&#8220;Gra\u0163ie studiilor muzicale la Liceul de Muzic\u0103 timi\u015forean \u015fi a implic\u0103rii active \u00een orchestra bisericii din Timi\u015foara &#8211; centru de referin\u0163\u0103 pentru muzica cre\u015ftina din Rom&acirc;nia &#8211; Iconia Caba are un bogat repertoriu de c&acirc;nt\u0103ri de laud\u0103 \u00eenchinate lui Dumnezeu. Inima auditorului este m&acirc;ng\u0103iat\u0103 \u015fi \u00eemb\u0103rb\u0103tat\u0103 prin glasul duios \u015fi mesajul pe care \u00eel red\u0103 [&hellip;]<\/p>\n","protected":false},"featured_media":6269,"comment_status":"open","ping_status":"closed","template":"","meta":[],"product_brand":[],"product_cat":[8],"product_tag":[],"class_list":{"0":"post-830","1":"product","2":"type-product","3":"status-publish","4":"has-post-thumbnail","6":"product_cat-carti","8":"first","9":"instock","10":"shipping-taxable","11":"purchasable","12":"product-type-simple"},"_links":{"self":[{"href":"https:\/\/dev.sbro.ro\/wp-json\/wp\/v2\/product\/830","targetHints":{"allow":["GET"]}}],"collection":[{"href":"https:\/\/dev.sbro.ro\/wp-json\/wp\/v2\/product"}],"about":[{"href":"https:\/\/dev.sbro.ro\/wp-json\/wp\/v2\/types\/product"}],"replies":[{"embeddable":true,"href":"https:\/\/dev.sbro.ro\/wp-json\/wp\/v2\/comments?post=830"}],"wp:featuredmedia":[{"embeddable":true,"href":"https:\/\/dev.sbro.ro\/wp-json\/wp\/v2\/media\/6269"}],"wp:attachment":[{"href":"https:\/\/dev.sbro.ro\/wp-json\/wp\/v2\/media?parent=830"}],"wp:term":[{"taxonomy":"product_brand","embeddable":true,"href":"https:\/\/dev.sbro.ro\/wp-json\/wp\/v2\/product_brand?post=830"},{"taxonomy":"product_cat","embeddable":true,"href":"https:\/\/dev.sbro.ro\/wp-json\/wp\/v2\/product_cat?post=830"},{"taxonomy":"product_tag","embeddable":true,"href":"https:\/\/dev.sbro.ro\/wp-json\/wp\/v2\/product_tag?post=830"}],"curies":[{"name":"wp","href":"https:\/\/api.w.org\/{rel}","templated":true}]}}