{"id":859,"date":"2026-04-21T09:03:13","date_gmt":"2026-04-21T09:03:13","guid":{"rendered":"https:\/\/dev.sbro.ro\/?product=soti-si-tati"},"modified":"2026-04-21T09:03:13","modified_gmt":"2026-04-21T09:03:13","slug":"soti-si-tati","status":"publish","type":"product","link":"https:\/\/dev.sbro.ro\/?product=soti-si-tati","title":{"rendered":"Soti si tati"},"content":{"rendered":"<p>\u00cen aceast\u0103 carte, Derek Prince stabile\u015fte fundamentul biblic pentru fiecare b\u0103rbat care \u00ee\u015fi dore\u015fte s\u0103 fie un so\u0163 \u015fi un tat\u0103 \u00een conformitate cu voia lui Dumnezeu, ajung\u00e2nd astfel s\u0103 exceleze \u00een aceste roluri. At\u00e2t so\u0163ii, c\u00e2t \u015fi so\u0163iile vor g\u0103si \u00een paginile acestei c\u0103r\u0163i o perspectiv\u0103 de nepre\u0163uit \u015fi instruc\u0163iuni clare cu privire la via\u0163a de familie.<\/p>\n","protected":false},"excerpt":{"rendered":"<p>\u00cen aceast\u0103 carte, Derek Prince stabile\u015fte fundamentul biblic pentru fiecare b\u0103rbat care \u00ee\u015fi dore\u015fte s\u0103 fie un so\u0163 \u015fi un tat\u0103 \u00een conformitate cu voia lui Dumnezeu, ajung\u00e2nd astfel s\u0103 exceleze \u00een aceste roluri. At\u00e2t so\u0163ii, c\u00e2t \u015fi so\u0163iile vor g\u0103si \u00een paginile acestei c\u0103r\u0163i o perspectiv\u0103 de nepre\u0163uit \u015fi instruc\u0163iuni clare cu privire la [&hellip;]<\/p>\n","protected":false},"featured_media":6298,"comment_status":"open","ping_status":"closed","template":"","meta":[],"product_brand":[],"product_cat":[43],"product_tag":[],"class_list":{"0":"post-859","1":"product","2":"type-product","3":"status-publish","4":"has-post-thumbnail","6":"product_cat-barbati","8":"first","9":"instock","10":"shipping-taxable","11":"purchasable","12":"product-type-simple"},"_links":{"self":[{"href":"https:\/\/dev.sbro.ro\/index.php?rest_route=\/wp\/v2\/product\/859","targetHints":{"allow":["GET"]}}],"collection":[{"href":"https:\/\/dev.sbro.ro\/index.php?rest_route=\/wp\/v2\/product"}],"about":[{"href":"https:\/\/dev.sbro.ro\/index.php?rest_route=\/wp\/v2\/types\/product"}],"replies":[{"embeddable":true,"href":"https:\/\/dev.sbro.ro\/index.php?rest_route=%2Fwp%2Fv2%2Fcomments&post=859"}],"wp:featuredmedia":[{"embeddable":true,"href":"https:\/\/dev.sbro.ro\/index.php?rest_route=\/wp\/v2\/media\/6298"}],"wp:attachment":[{"href":"https:\/\/dev.sbro.ro\/index.php?rest_route=%2Fwp%2Fv2%2Fmedia&parent=859"}],"wp:term":[{"taxonomy":"product_brand","embeddable":true,"href":"https:\/\/dev.sbro.ro\/index.php?rest_route=%2Fwp%2Fv2%2Fproduct_brand&post=859"},{"taxonomy":"product_cat","embeddable":true,"href":"https:\/\/dev.sbro.ro\/index.php?rest_route=%2Fwp%2Fv2%2Fproduct_cat&post=859"},{"taxonomy":"product_tag","embeddable":true,"href":"https:\/\/dev.sbro.ro\/index.php?rest_route=%2Fwp%2Fv2%2Fproduct_tag&post=859"}],"curies":[{"name":"wp","href":"https:\/\/api.w.org\/{rel}","templated":true}]}}