{"id":881,"date":"2026-04-21T09:03:14","date_gmt":"2026-04-21T09:03:14","guid":{"rendered":"https:\/\/dev.sbro.ro\/?product=alfabetul-limbii-sfinte"},"modified":"2026-04-21T09:03:14","modified_gmt":"2026-04-21T09:03:14","slug":"alfabetul-limbii-sfinte","status":"publish","type":"product","link":"https:\/\/dev.sbro.ro\/product\/alfabetul-limbii-sfinte\/","title":{"rendered":"Alfabetul limbii sfinte"},"content":{"rendered":"<p style=\"text-align: justify;\"><span style=\"font-size: small;\">Teodor Codreanu biografie  1928, 20 august &#8211; s-a n\u0103scut Teodor Codreanu, al doilea dintre cei patru  copii ai familiei, \u00een localitatea Avram Iancu, jud. Bihor. 1940 &ndash; s-a mutat \u00een Timi\u015foara pentru completarea studiilor. 1946, 23 august &#8211; i s-a oficiat botezul \u00een ap\u0103 de c\u0103tre pastorul Izba\u015fa  Alexandru, \u00een Biserica Penticostal\u0103 din cartierul Rona\u0163, Timi\u015foara. 1956, 26 iunie &#8211;  i s-a oficiat c\u0103s\u0103toria cu Aurica, \u00een localitatea  Chier, jud Arad.  Li s-au n\u0103scut 3 copii, Estera &ndash; 1957, Ioan &ndash; 1959 \u015fi  Marcel &ndash; 1961.  1964 &ndash; a preluat conducerea Bisericii (pe strada Mangalia, Timisoara). 1970 &ndash; a fost ordinat pastor al Bisericii. 1973 &ndash; Biserica se mut\u0103 \u00eentr-un loca\u015f nou, pe strada Romulus, deoarece a  crescut foarte mult numeric. 1988 &ndash; Biserica, devenit\u0103 &bdquo;Elim&rdquo; se mut\u0103 pe strada Virgil Madgearu,  Timisoara, \u00eentr-un loca\u015f deosebit, construit cu mare d\u0103ruire \u015fi  sacrificiu \u00een anii comunismului.  2004, 27 septembrie &ndash; Pastorul Teodor Codreanu, mult iubit \u015fi respectat  de c\u0103tre to\u0163i cei care l-au cunoscut, s-a \u00eentors acas\u0103, la Domnul lui pe  care l-a slujit cu devotare.<\/span><\/p>\n<p style=\"text-align: justify;\"><span style=\"font-size: small;\">Pastorul Teodor Codreanu a fost un om foarte d\u0103ruit lucr\u0103rii lui  Dumnezeu \u015fi a slujit cu mult\u0103 pasiune, pastorind Biserica Elim din  Timisoara. Pe l&acirc;ng\u0103 alte daruri pe care le avea, fratele Codreanu a  compus multe poezii, l\u0103s&acirc;nd \u00een urma lui o bogat\u0103 mo\u015ftenire spiritual\u0103.  Deoarece manuscrisele originale au disp\u0103rut \u00eentr-o \u00eemprejurare  nefericit\u0103, mi\u015fca\u0163i de Duhul Domnului, cu mult\u0103 dragoste \u015fi tenacitate,  un grup de oameni inimo\u015fi au adunat laolalt\u0103 o parte din poeziile  compuse de fratele Codreanu. Nu au existat prea multe resurse de a le  recupera \u00een \u00eentregime. Poeziile  publicate \u00een aceste dou\u0103 volume au fost  ref\u0103cute dup\u0103 c&acirc;teva caiete vechi, scrise de m&acirc;n\u0103 \u00eenc\u0103 din decada  1950-1960. Nu se cunosc datele exacte ale compunerii lor, doar datele la  care au fost copiate unele dintre ele. Mul\u0163umim pe aceast\u0103 cale, \u015fi  Dumnzeu s\u0103-i r\u0103spl\u0103teasc\u0103 pe cei care le-au copiat de mult, \u015fi le-au  p\u0103strat.  C&acirc;teva dintre poezii au date mai recente, cum ar fi anii 1989, 2000.  Acestea au fost scrise dup\u0103 originalele p\u0103strate de familie. \u00c5\u017etim c\u0103 mai  exist\u0103 poezii foarte frumoase care \u00eenc\u0103 nu au fost g\u0103site. Sper\u0103m c\u0103 se  vor g\u0103si, ori copiate, ori \u00eenregistrate pe band\u0103 magnetic\u0103. De aceea,  rug\u0103m pe to\u0163i cei care mai au poezii compuse de fratele Codreanu, s\u0103 ne  contacteze pentru publicarea lor.  Comitetul editorial a hot\u0103r&acirc;t publicarea acestor dou\u0103 volume deocamdat\u0103,  &bdquo;Alfabetul limbii sfinte&rdquo; \u015fi &bdquo;Ce frumos va fi \u00een cer&rdquo;, pentru a fi mai  u\u015for accesibile doritorilor. Pe m\u0103sur\u0103 ce se vor mai g\u0103si \u015fi alte poezii  ale autorului, vor fi publicate \u00een alt volum. Cu siguran\u0163\u0103 s-au  strecurat unele mici gre\u015feli, dar bog\u0103\u0163ia ideilor \u015fi frumuse\u0163ea  versurilor s-a p\u0103strat \u00een cea mai mare parte.  Mul\u0163umim lui Dumnezeu pentru inspira\u0163ia dat\u0103, \u015fi pentru to\u0163i oamenii  care se pun \u00een slujba Lui, cu darurile pe care le au, tot de la El. Numele Domnului s\u0103 fie Sl\u0103vit!<\/span><\/p>\n","protected":false},"excerpt":{"rendered":"<p>Teodor Codreanu biografie 1928, 20 august &#8211; s-a n\u0103scut Teodor Codreanu, al doilea dintre cei patru copii ai familiei, \u00een localitatea Avram Iancu, jud. Bihor. 1940 &ndash; s-a mutat \u00een Timi\u015foara pentru completarea studiilor. 1946, 23 august &#8211; i s-a oficiat botezul \u00een ap\u0103 de c\u0103tre pastorul Izba\u015fa Alexandru, \u00een Biserica Penticostal\u0103 din cartierul Rona\u0163, [&hellip;]<\/p>\n","protected":false},"featured_media":6320,"comment_status":"open","ping_status":"closed","template":"","meta":[],"product_brand":[],"product_cat":[39],"product_tag":[],"class_list":{"0":"post-881","1":"product","2":"type-product","3":"status-publish","4":"has-post-thumbnail","6":"product_cat-poezii","8":"first","9":"outofstock","10":"shipping-taxable","11":"purchasable","12":"product-type-simple"},"_links":{"self":[{"href":"https:\/\/dev.sbro.ro\/wp-json\/wp\/v2\/product\/881","targetHints":{"allow":["GET"]}}],"collection":[{"href":"https:\/\/dev.sbro.ro\/wp-json\/wp\/v2\/product"}],"about":[{"href":"https:\/\/dev.sbro.ro\/wp-json\/wp\/v2\/types\/product"}],"replies":[{"embeddable":true,"href":"https:\/\/dev.sbro.ro\/wp-json\/wp\/v2\/comments?post=881"}],"wp:featuredmedia":[{"embeddable":true,"href":"https:\/\/dev.sbro.ro\/wp-json\/wp\/v2\/media\/6320"}],"wp:attachment":[{"href":"https:\/\/dev.sbro.ro\/wp-json\/wp\/v2\/media?parent=881"}],"wp:term":[{"taxonomy":"product_brand","embeddable":true,"href":"https:\/\/dev.sbro.ro\/wp-json\/wp\/v2\/product_brand?post=881"},{"taxonomy":"product_cat","embeddable":true,"href":"https:\/\/dev.sbro.ro\/wp-json\/wp\/v2\/product_cat?post=881"},{"taxonomy":"product_tag","embeddable":true,"href":"https:\/\/dev.sbro.ro\/wp-json\/wp\/v2\/product_tag?post=881"}],"curies":[{"name":"wp","href":"https:\/\/api.w.org\/{rel}","templated":true}]}}