{"id":924,"date":"2026-04-21T09:03:19","date_gmt":"2026-04-21T09:03:19","guid":{"rendered":"https:\/\/dev.sbro.ro\/?product=binecuvantare-sau-blestem"},"modified":"2026-04-21T09:03:19","modified_gmt":"2026-04-21T09:03:19","slug":"binecuvantare-sau-blestem","status":"publish","type":"product","link":"https:\/\/dev.sbro.ro\/?product=binecuvantare-sau-blestem","title":{"rendered":"Binecuvantare sau blestem"},"content":{"rendered":"<p style=\"text-align: justify;\">\n<p style=\"text-align: justify;\">\n<p style=\"text-align: justify;\"><span style=\"font-size: large;\">Observi \u00een via\u0163a ta sau a familiei tale boli sau accidente repetate? E\u015fti constr\u00e2ns \u00een g\u00e2ndirea ta? Starea ta emo\u0163ional\u0103 este de necontrolat? Rela\u0163iile tale cele mai apropiate sunt tulburate \u00een permanen\u0163\u0103? <\/span><br \/>\n<span style=\"font-size: large;\">Te miri de ce succesul vine cu u\u015furin\u0163\u0103 la al\u0163ii, dar pe tine pare s\u0103 te ocoleasc\u0103? Situa\u0163ia ta financiar\u0103 este \u00een marea majoritate a timpului exact ca \u015fi ni\u015fte monede puse \u00eentr-un buzunar rupt? Dac\u0103 da, atunci toate acestea pot fi semne clare ale activit\u0103\u0163ii unui blestem.<\/span><\/p>\n<p><span style=\"font-size: large;\">Derek Prince, inspir\u00e2ndu-se din Sf\u00e2nta Scriptur\u0103 \u015fi din experien\u0163ele din via\u0163a real\u0103, te va ajuta s\u0103 \u00een\u0163elegi cauzele blestemelor (activit\u0103\u0163i oculte, p\u0103cate ascunse, abuzuri, abandon, chiar \u015fi p\u0103cate ale unei genera\u0163ii precedente). Tot \u00een cartea de fa\u0163\u0103 te va \u00eenv\u0103\u0163a cum s\u0103 ajungi s\u0103 fii eliberat de blestemele pe care le-ai descoperit ca fiind active \u015fi la lucru \u00een via\u0163a ta, astfel \u00eenc\u00e2t s\u0103 po\u0163i \u00eencepe s\u0103 te bucuri de destinul \u015fi de beneficiile binecuv\u00e2nt\u0103rilor pe care Dumnezeu le-a pl\u0103nuit pentru tine.<\/span><\/p>\n<p><span style=\"font-size: large;\">Peste 1,6 milioane de cititori au beneficiat de \u00eenv\u0103\u0163\u0103tura acestei c\u0103r\u0163i \u015fi o mare parte dintre ei au c\u0103p\u0103tat o nou\u0103 \u00een\u0163elegere spiritual\u0103 despre \u00eenv\u0103\u0163\u0103turile Sfintei Scripturi, fapt ce le-a transformat \u00eentreaga via\u0163\u0103.<\/span><br \/>\n<span style=\"font-size: large;\">Edi\u0163ia de fa\u0163\u0103 este una revizuit\u0103 \u015fi l\u0103rgit\u0103, iar fiecare capitol este urmat de un ghid de studiu \u2013 pentru tine \u00eensu\u0163i sau pentru un grup mic \u2013 cuprinz\u00e2nd \u00eentreb\u0103ri recapitulative, o sec\u0163iune cu aplica\u0163ii practice \u015fi un verset de memorat.<\/span><\/p>\n","protected":false},"excerpt":{"rendered":"<p>Observi \u00een via\u0163a ta sau a familiei tale boli sau accidente repetate? E\u015fti constr\u00e2ns \u00een g\u00e2ndirea ta? Starea ta emo\u0163ional\u0103 este de necontrolat? Rela\u0163iile tale cele mai apropiate sunt tulburate \u00een permanen\u0163\u0103? Te miri de ce succesul vine cu u\u015furin\u0163\u0103 la al\u0163ii, dar pe tine pare s\u0103 te ocoleasc\u0103? Situa\u0163ia ta financiar\u0103 este \u00een marea [&hellip;]<\/p>\n","protected":false},"featured_media":6362,"comment_status":"open","ping_status":"closed","template":"","meta":[],"product_brand":[],"product_cat":[18],"product_tag":[],"class_list":{"0":"post-924","1":"product","2":"type-product","3":"status-publish","4":"has-post-thumbnail","6":"product_cat-viata-crestina","8":"first","9":"instock","10":"shipping-taxable","11":"purchasable","12":"product-type-simple"},"_links":{"self":[{"href":"https:\/\/dev.sbro.ro\/index.php?rest_route=\/wp\/v2\/product\/924","targetHints":{"allow":["GET"]}}],"collection":[{"href":"https:\/\/dev.sbro.ro\/index.php?rest_route=\/wp\/v2\/product"}],"about":[{"href":"https:\/\/dev.sbro.ro\/index.php?rest_route=\/wp\/v2\/types\/product"}],"replies":[{"embeddable":true,"href":"https:\/\/dev.sbro.ro\/index.php?rest_route=%2Fwp%2Fv2%2Fcomments&post=924"}],"wp:featuredmedia":[{"embeddable":true,"href":"https:\/\/dev.sbro.ro\/index.php?rest_route=\/wp\/v2\/media\/6362"}],"wp:attachment":[{"href":"https:\/\/dev.sbro.ro\/index.php?rest_route=%2Fwp%2Fv2%2Fmedia&parent=924"}],"wp:term":[{"taxonomy":"product_brand","embeddable":true,"href":"https:\/\/dev.sbro.ro\/index.php?rest_route=%2Fwp%2Fv2%2Fproduct_brand&post=924"},{"taxonomy":"product_cat","embeddable":true,"href":"https:\/\/dev.sbro.ro\/index.php?rest_route=%2Fwp%2Fv2%2Fproduct_cat&post=924"},{"taxonomy":"product_tag","embeddable":true,"href":"https:\/\/dev.sbro.ro\/index.php?rest_route=%2Fwp%2Fv2%2Fproduct_tag&post=924"}],"curies":[{"name":"wp","href":"https:\/\/api.w.org\/{rel}","templated":true}]}}