{"id":959,"date":"2026-04-21T09:03:23","date_gmt":"2026-04-21T09:03:23","guid":{"rendered":"https:\/\/dev.sbro.ro\/?product=iubirea-ca-un-mod-de-viata"},"modified":"2026-04-21T09:03:23","modified_gmt":"2026-04-21T09:03:23","slug":"iubirea-ca-un-mod-de-viata","status":"publish","type":"product","link":"https:\/\/dev.sbro.ro\/product\/iubirea-ca-un-mod-de-viata\/","title":{"rendered":"Iubirea ca un mod de viata"},"content":{"rendered":"<p style=\"text-align: justify;\"><span style=\"font-size: large;\">Subtitlu: Sapte trasaturi de caracter ce va vor imbunatati relatiile cu cei din jur.<\/span><\/p>\n<p><span style=\"font-size: large;\">&#8220;Aceasta  carte nu este scrisa intr-un limbaj de specialitate specific  psihologiei sau sociologiei, ci este scrisa intr-un Iimbaj simplu, pe  intelesul tuturor. Cred ca oamenii obisnuiti sunt cei care detin  secretul consolidarii unei societati in care relatiile cu ceilalti sunt  fundamentale, in care sprijinul acordat semenilor reprezinta un gest  natural si in care copiii cresc respectandu-se unii pe altii si, da,  chiar iubindu-se reciproc. Lucrurile acestea nu sunt utopice. De fapt,  ele sunt cat se poate de tangibile, pentru fiecare om in parte.&#8221;<\/span><\/p>\n<p><span style=\"font-size: large;\">&#8211; Gary Chapman<\/span><\/p>\n<p><span style=\"font-size: large;\">CUPRINS<\/span><\/p>\n<p><span style=\"font-size: large;\">Mutumiri<\/span><br \/><span style=\"font-size: large;\">Introducere<\/span><\/p>\n<p><span style=\"font-size: large;\">PARTEA I<\/span><br \/><span style=\"font-size: large;\">Oare de ce vrem sa iubim<\/span><\/p>\n<p><span style=\"font-size: large;\">1. Bucuria de a trai prin iubire<\/span><\/p>\n<p><span style=\"font-size: large;\">PARTEA A II-A<\/span><br \/><span style=\"font-size: large;\">Cele sapte secrete ale iubirii<\/span><\/p>\n<p><span style=\"font-size: large;\">2. Bunatatea. Descoperiti bucuria de a-i ocroti pe cei din jur!<\/span><br \/><span style=\"font-size: large;\">3. Rabdarea. Obisnuiti-va cu gandul ca oamenii nu sunt perfecti!<\/span><br \/><span style=\"font-size: large;\">4. lertarea. Scapati de focul maniei!<\/span><br \/><span style=\"font-size: large;\">5. Respectul. Comportati-va cu ceilalti ca si cum v-ar fi prieteni!<\/span><br \/><span style=\"font-size: large;\">6. Smerenia. Lasati-i si pe ceilalti sa se afirme!<\/span><br \/><span style=\"font-size: large;\">7. Generozitatea. Fiti altruist cu ceilalti oameni!<\/span><br \/><span style=\"font-size: large;\">8. Sinceritatea. Fiti dumneavoastra insiva cu cei din jur!<\/span><\/p>\n<p><span style=\"font-size: large;\">PARTEA A III-A<\/span><br \/><span style=\"font-size: large;\">Cultivarea iubirii ca un mod de a-ti trai viata<\/span><\/p>\n<p><span style=\"font-size: large;\">9. Cultivarea iubirii ca un mod de viata in casnicie<\/span><br \/><span style=\"font-size: large;\">10. Cultivarea iubirii ca un mod de viata in calitate de parinte<\/span><br \/><span style=\"font-size: large;\">11. Cultivarea iubirii ca un mod de viata la serviciu<\/span><br \/><span style=\"font-size: large;\">12. Motivatia iubirii<\/span><\/p>\n<p><span style=\"font-size: large;\">Epilog<\/span><br \/><span style=\"font-size: large;\">Note<\/span><\/p>\n<p style=\"text-align: justify;\">\u00a0<\/p>\n<p style=\"text-align: justify;\">\u00a0<\/p>\n<p style=\"text-align: justify;\">\u00a0<\/p>\n<p><span style=\"font-size: large;\">GARY CHAPMAN este un cunoscut consilier matrimonial, renumit pentru seminariile sale pe probleme de cuplu pe care le sus\u0163ine \u00een toat\u0103 lumea, \u015fi totodat\u0103 un autor de succes.<\/span><br \/><span style=\"font-size: large;\">A scris mai mult de 15 c\u0103r\u0163i, care reprezint\u0103 adev\u0103rate binecuv\u00e2nt\u0103ri pentru mii de cupluri aflate \u00een impas. Cartea Cele cinci limbaje ale iubirii (ap\u0103rut\u0103 la Curtea Veche Publishing \u00een anul 2000 \u015fi aflat\u0103 acum la a treia edi\u0163ie) s-a v\u00e2ndut \u00een mai mult de 3 milioane de exemplare \u00een limba englez\u0103 \u015fi a fost tradus\u0103 \u00een 34 de limbi. La Curtea Veche Publishing au mai ap\u0103rut Speran\u0163e pentru cei desp\u0103r\u0163i\u0163i (2001) \u015fi Cele cinci limbaje de iubire ale copiilor (2001), ultima scris\u0103 \u00eempreun\u0103 cu Ross Campbell.<\/span><\/p>\n","protected":false},"excerpt":{"rendered":"<p>Subtitlu: Sapte trasaturi de caracter ce va vor imbunatati relatiile cu cei din jur. &#8220;Aceasta carte nu este scrisa intr-un limbaj de specialitate specific psihologiei sau sociologiei, ci este scrisa intr-un Iimbaj simplu, pe intelesul tuturor. Cred ca oamenii obisnuiti sunt cei care detin secretul consolidarii unei societati in care relatiile cu ceilalti sunt fundamentale, [&hellip;]<\/p>\n","protected":false},"featured_media":6396,"comment_status":"open","ping_status":"closed","template":"","meta":[],"product_brand":[],"product_cat":[14],"product_tag":[],"class_list":{"0":"post-959","1":"product","2":"type-product","3":"status-publish","4":"has-post-thumbnail","6":"product_cat-viata-de-familie","8":"first","9":"instock","10":"shipping-taxable","11":"purchasable","12":"product-type-simple"},"_links":{"self":[{"href":"https:\/\/dev.sbro.ro\/wp-json\/wp\/v2\/product\/959","targetHints":{"allow":["GET"]}}],"collection":[{"href":"https:\/\/dev.sbro.ro\/wp-json\/wp\/v2\/product"}],"about":[{"href":"https:\/\/dev.sbro.ro\/wp-json\/wp\/v2\/types\/product"}],"replies":[{"embeddable":true,"href":"https:\/\/dev.sbro.ro\/wp-json\/wp\/v2\/comments?post=959"}],"wp:featuredmedia":[{"embeddable":true,"href":"https:\/\/dev.sbro.ro\/wp-json\/wp\/v2\/media\/6396"}],"wp:attachment":[{"href":"https:\/\/dev.sbro.ro\/wp-json\/wp\/v2\/media?parent=959"}],"wp:term":[{"taxonomy":"product_brand","embeddable":true,"href":"https:\/\/dev.sbro.ro\/wp-json\/wp\/v2\/product_brand?post=959"},{"taxonomy":"product_cat","embeddable":true,"href":"https:\/\/dev.sbro.ro\/wp-json\/wp\/v2\/product_cat?post=959"},{"taxonomy":"product_tag","embeddable":true,"href":"https:\/\/dev.sbro.ro\/wp-json\/wp\/v2\/product_tag?post=959"}],"curies":[{"name":"wp","href":"https:\/\/api.w.org\/{rel}","templated":true}]}}