{"id":987,"date":"2026-04-21T09:03:25","date_gmt":"2026-04-21T09:03:25","guid":{"rendered":"https:\/\/dev.sbro.ro\/?product=cele-cinci-limbaje-ale-iubirii-pentru-barbati"},"modified":"2026-04-21T09:03:25","modified_gmt":"2026-04-21T09:03:25","slug":"cele-cinci-limbaje-ale-iubirii-pentru-barbati","status":"publish","type":"product","link":"https:\/\/dev.sbro.ro\/product\/cele-cinci-limbaje-ale-iubirii-pentru-barbati\/","title":{"rendered":"Cele cinci limbaje ale iubirii pentru barbati"},"content":{"rendered":"<p>Gary Chapman, unul dintre cei mai renumi\u021bi consilieri din lume pe probleme de familie, \u00ee\u021bi arat\u0103 cu umor \u0219i empatie c\u0103 degeaba \u00eei faci pli\u00adnul la ma\u0219in\u0103 so\u021biei tale, c\u00e2nd ea simte c\u0103 rezervorul de dragoste \u00eei este gol. Sau c\u0103 degeaba \u00eei oferi cadouri, c\u00e2nd darul cel mai pre\u00ad\u021bios dup\u0103 care t\u00e2nje\u0219te este chiar prezen\u021ba ta. Po\u021bi aduce armonia \u00een rela\u021bia voastr\u0103 de cuplu dac\u0103 \u00eenve\u021bi s\u0103 folose\u0219ti limbajul primar al iubirii so\u021biei tale. Fie c\u0103 este vorba despre declara\u021bii, timp petrecut \u00een doi, daruri, servicii sau contact fizic, unul dintre cele cinci limbaje ale iubirii sigur este al ei. Iar sugestiile autorului, verificate de milioane de cupluri din \u00eentreaga lume, te vor ajuta s\u0103 \u00eel deprinzi pas cu pas, de la silabisitul timid p\u00e2n\u0103 la performan\u021bele unui vorbitor nativ al dialectului care este numai al ei. Ceea ce este totuna cu a o face s\u0103 se simt\u0103 iubit\u0103.<\/p>\n","protected":false},"excerpt":{"rendered":"<p>Gary Chapman, unul dintre cei mai renumi\u021bi consilieri din lume pe probleme de familie, \u00ee\u021bi arat\u0103 cu umor \u0219i empatie c\u0103 degeaba \u00eei faci pli\u00adnul la ma\u0219in\u0103 so\u021biei tale, c\u00e2nd ea simte c\u0103 rezervorul de dragoste \u00eei este gol. Sau c\u0103 degeaba \u00eei oferi cadouri, c\u00e2nd darul cel mai pre\u00ad\u021bios dup\u0103 care t\u00e2nje\u0219te este chiar [&hellip;]<\/p>\n","protected":false},"featured_media":6424,"comment_status":"open","ping_status":"closed","template":"","meta":[],"product_brand":[],"product_cat":[43],"product_tag":[],"class_list":{"0":"post-987","1":"product","2":"type-product","3":"status-publish","4":"has-post-thumbnail","6":"product_cat-barbati","8":"first","9":"instock","10":"shipping-taxable","11":"purchasable","12":"product-type-simple"},"_links":{"self":[{"href":"https:\/\/dev.sbro.ro\/wp-json\/wp\/v2\/product\/987","targetHints":{"allow":["GET"]}}],"collection":[{"href":"https:\/\/dev.sbro.ro\/wp-json\/wp\/v2\/product"}],"about":[{"href":"https:\/\/dev.sbro.ro\/wp-json\/wp\/v2\/types\/product"}],"replies":[{"embeddable":true,"href":"https:\/\/dev.sbro.ro\/wp-json\/wp\/v2\/comments?post=987"}],"wp:featuredmedia":[{"embeddable":true,"href":"https:\/\/dev.sbro.ro\/wp-json\/wp\/v2\/media\/6424"}],"wp:attachment":[{"href":"https:\/\/dev.sbro.ro\/wp-json\/wp\/v2\/media?parent=987"}],"wp:term":[{"taxonomy":"product_brand","embeddable":true,"href":"https:\/\/dev.sbro.ro\/wp-json\/wp\/v2\/product_brand?post=987"},{"taxonomy":"product_cat","embeddable":true,"href":"https:\/\/dev.sbro.ro\/wp-json\/wp\/v2\/product_cat?post=987"},{"taxonomy":"product_tag","embeddable":true,"href":"https:\/\/dev.sbro.ro\/wp-json\/wp\/v2\/product_tag?post=987"}],"curies":[{"name":"wp","href":"https:\/\/api.w.org\/{rel}","templated":true}]}}